{"id":2854,"date":"2019-03-19T11:08:54","date_gmt":"2019-03-19T10:08:54","guid":{"rendered":"http:\/\/sjfu.fr\/intranet\/?page_id=2854"},"modified":"2020-01-10T10:05:23","modified_gmt":"2020-01-10T09:05:23","slug":"agenda-2019","status":"publish","type":"page","link":"https:\/\/sjfu.fr\/intranet\/actions-syndicales\/agenda-social\/agenda-2019\/","title":{"rendered":"Agenda 2019"},"content":{"rendered":"<p><a href=\"https:\/\/sjfu.fr\/intranet\/wp-content\/uploads\/2018\/09\/agenda_social_rea_581_191.jpg\"><img loading=\"lazy\" decoding=\"async\" class=\"size-full wp-image-2429 aligncenter\" src=\"https:\/\/sjfu.fr\/intranet\/wp-content\/uploads\/2018\/09\/agenda_social_rea_581_191.jpg\" alt=\"\" width=\"581\" height=\"191\" srcset=\"https:\/\/sjfu.fr\/intranet\/wp-content\/uploads\/2018\/09\/agenda_social_rea_581_191.jpg 581w, https:\/\/sjfu.fr\/intranet\/wp-content\/uploads\/2018\/09\/agenda_social_rea_581_191-300x99.jpg 300w\" sizes=\"auto, (max-width: 581px) 100vw, 581px\" \/><\/a><\/p>\n<p><strong>Merci de ne pas diffuser les documents ci-apr\u00e8s. Toute fuite d\u2019information est susceptible de nuire aux n\u00e9gociations et donc aux int\u00e9r\u00eats des magistrats<\/strong>.\u00a0Prenez connaissance de ces projets, posez des questions aux membres du bureau, mais veillez aussi \u00e0 ce que ces informations ne soient pas utilis\u00e9es par un tiers \u00e0 nos d\u00e9pends.<\/p>\n<hr \/>\n<ul>\n<li>\n<h3>20 novembre 2019 \u00e0 10h30<\/h3>\n<\/li>\n<\/ul>\n<p>Le bureau du SJF a demand\u00e9 l&rsquo;inscription de cinq sujets \u00e0 l&rsquo;ordre du jour :<\/p>\n<ol>\n<li>Un premier bilan de la pr\u00e9paration de la campagne 2019 d&rsquo;\u00e9valuation et de prime, et un point sur la mise en \u0153uvre des propositions du SJF d&rsquo;am\u00e9lioration du dispositif.<\/li>\n<li>L&rsquo;am\u00e9lioration de la gestion des d\u00e9tachements par la r\u00e9forme de la commission d&rsquo;int\u00e9gration et la modification des modalit\u00e9s d&rsquo;accueil.<\/li>\n<li>Les promotions et les avancements, dans la perspective du Conseil sup\u00e9rieur du 4 d\u00e9cembre.<\/li>\n<li>La lutte contre les discriminations et le harc\u00e8lement.<\/li>\n<li>L&rsquo;\u00e9volution des moyens humains des CRTC dans le cadre des cr\u00e9ations de postes pr\u00e9vues par le triennal 2019-2022.<\/li>\n<\/ol>\n<p style=\"text-align: center;\"><a href=\"https:\/\/drive.google.com\/open?id=1E0JmyKBXYLnejHSpZBmPRmulkj2bdKGU\">Consulter le compte rendu de la r\u00e9union<\/a>.<\/p>\n<hr \/>\n<ul>\n<li>\n<h3>11 juillet 2019 \u00e0 14h30<\/h3>\n<\/li>\n<\/ul>\n<p>Le bureau du SJF a demand\u00e9 l&rsquo;inscription de trois sujets \u00e0 l&rsquo;ordre du jour :<\/p>\n<ol>\n<li>La pr\u00e9paration de la campagne 2019 d&rsquo;\u00e9valuation et de prime.<\/li>\n<li>L&rsquo;examen des propositions du SJF visant \u00e0 la r\u00e9forme du syst\u00e8me de pr\u00e9vention des conflits d&rsquo;int\u00e9r\u00eats.<\/li>\n<li>L&rsquo;organisation de la journ\u00e9e mobilit\u00e9.<\/li>\n<\/ol>\n<p style=\"text-align: center;\"><a href=\"https:\/\/drive.google.com\/open?id=1E0JmyKBXYLnejHSpZBmPRmulkj2bdKGU\">Consulter le compte rendu de la r\u00e9union<\/a>.<\/p>\n<hr \/>\n<ul>\n<li>\n<h3><strong>11 avril 2019 \u00e0 11h30 :\u00a0<\/strong><\/h3>\n<\/li>\n<\/ul>\n<p>Le bureau du SJF a demand\u00e9 l&rsquo;inscription de trois sujets \u00e0 l&rsquo;ordre du jour :<\/p>\n<ol>\n<li>La mise en oeuvre des propositions formul\u00e9es par les repr\u00e9sentants des magistrats au Conseil sup\u00e9rieur, pour am\u00e9liorer le nouveau r\u00e9gime indemnitaire.<\/li>\n<li>L&rsquo;all\u00e8gement de nos incompatibilit\u00e9s et le renforcement de notre dispositif de pr\u00e9vention des conflits d\u2019int\u00e9r\u00eats, \u00e0 partir de propositions formul\u00e9es par le SJF qui pourraient \u00eatre introduites dans le projet de loi relatif \u00e0 la fonction publique.<\/li>\n<li>L&rsquo;am\u00e9lioration de la gestion des carri\u00e8res et de l&rsquo;accompagnement \u00e0 la mobilit\u00e9, \u00e0 partir de propositions formul\u00e9es par le SJF.<\/li>\n<\/ol>\n","protected":false},"excerpt":{"rendered":"<p>Merci de ne pas diffuser les documents ci-apr\u00e8s. Toute fuite d\u2019information est susceptible de nuire aux n\u00e9gociations et donc aux int\u00e9r\u00eats des magistrats.\u00a0Prenez connaissance de ces projets, posez des questions aux membres du bureau, mais veillez aussi \u00e0 ce que ces informations ne soient pas utilis\u00e9es par un tiers \u00e0<a href=\"https:\/\/sjfu.fr\/intranet\/actions-syndicales\/agenda-social\/agenda-2019\/\" class=\"read-more\">Read the Rest&#8230;<\/a><\/p>\n","protected":false},"author":1,"featured_media":0,"parent":548,"menu_order":2,"comment_status":"closed","ping_status":"closed","template":"","meta":{"footnotes":""},"class_list":["post-2854","page","type-page","status-publish","hentry"],"_links":{"self":[{"href":"https:\/\/sjfu.fr\/intranet\/wp-json\/wp\/v2\/pages\/2854","targetHints":{"allow":["GET"]}}],"collection":[{"href":"https:\/\/sjfu.fr\/intranet\/wp-json\/wp\/v2\/pages"}],"about":[{"href":"https:\/\/sjfu.fr\/intranet\/wp-json\/wp\/v2\/types\/page"}],"author":[{"embeddable":true,"href":"https:\/\/sjfu.fr\/intranet\/wp-json\/wp\/v2\/users\/1"}],"replies":[{"embeddable":true,"href":"https:\/\/sjfu.fr\/intranet\/wp-json\/wp\/v2\/comments?post=2854"}],"version-history":[{"count":4,"href":"https:\/\/sjfu.fr\/intranet\/wp-json\/wp\/v2\/pages\/2854\/revisions"}],"predecessor-version":[{"id":3055,"href":"https:\/\/sjfu.fr\/intranet\/wp-json\/wp\/v2\/pages\/2854\/revisions\/3055"}],"up":[{"embeddable":true,"href":"https:\/\/sjfu.fr\/intranet\/wp-json\/wp\/v2\/pages\/548"}],"wp:attachment":[{"href":"https:\/\/sjfu.fr\/intranet\/wp-json\/wp\/v2\/media?parent=2854"}],"curies":[{"name":"wp","href":"https:\/\/api.w.org\/{rel}","templated":true}]}}