{"id":2931,"date":"2019-06-05T14:14:17","date_gmt":"2019-06-05T13:14:17","guid":{"rendered":"http:\/\/sjfu.fr\/intranet\/?page_id=2931"},"modified":"2019-06-05T14:14:17","modified_gmt":"2019-06-05T13:14:17","slug":"bilan-2018-du-nouveau-regime-indemnitaire","status":"publish","type":"page","link":"https:\/\/sjfu.fr\/intranet\/actions-syndicales\/statut-et-remuneration\/concertation-sur-la-renovation-du-regime-indemnitaire\/bilan-2018-du-nouveau-regime-indemnitaire\/","title":{"rendered":"Bilan 2018 du nouveau r\u00e9gime indemnitaire"},"content":{"rendered":"<p>1Les repr\u00e9sentants des magistrats \u00e9lus au Conseil sup\u00e9rieur ont r\u00e9alis\u00e9 un bilan de la premi\u00e8re ann\u00e9e de d\u00e9ploiement du nouveau r\u00e9gime indemnitaire, instaur\u00e9 par d\u00e9cret du 31 d\u00e9cembre 2017. Il a \u00e9t\u00e9 pr\u00e9sent\u00e9 au Conseil sup\u00e9rieur du 14 mars 2019.<\/p>\n<p>Ce bilan constate des r\u00e9ussite, des pistes d&rsquo;am\u00e9liorations et des insuffisances persistantes. Il formule 11 propositions pour y rem\u00e9dier.<\/p>\n<p>&nbsp;<\/p>\n<h3 style=\"text-align: center;\"><a href=\"https:\/\/drive.google.com\/open?id=1UOAfY42y1SSpnSaDs1EmH-z450nwU20N\"><strong>Consulter le bilan 2018 du nouveau r\u00e9gime indemnitaire<\/strong><\/a><\/h3>\n<p>&nbsp;<\/p>\n<p>La mise en oeuvre de ces propositions est actuellement en discussion avec l&rsquo;administration de la Cour, pour une am\u00e9lioration du dispositif d\u00e8s 2019.&nbsp;<\/p>\n","protected":false},"excerpt":{"rendered":"<p>1Les repr\u00e9sentants des magistrats \u00e9lus au Conseil sup\u00e9rieur ont r\u00e9alis\u00e9 un bilan de la premi\u00e8re ann\u00e9e de d\u00e9ploiement du nouveau r\u00e9gime indemnitaire, instaur\u00e9 par d\u00e9cret du 31 d\u00e9cembre 2017. Il a \u00e9t\u00e9 pr\u00e9sent\u00e9 au Conseil sup\u00e9rieur du 14 mars 2019. Ce bilan constate des r\u00e9ussite, des pistes d&rsquo;am\u00e9liorations et des<a href=\"https:\/\/sjfu.fr\/intranet\/actions-syndicales\/statut-et-remuneration\/concertation-sur-la-renovation-du-regime-indemnitaire\/bilan-2018-du-nouveau-regime-indemnitaire\/\" class=\"read-more\">Read the Rest&#8230;<\/a><\/p>\n","protected":false},"author":1,"featured_media":0,"parent":38,"menu_order":1,"comment_status":"closed","ping_status":"closed","template":"","meta":{"footnotes":""},"class_list":["post-2931","page","type-page","status-publish","hentry"],"_links":{"self":[{"href":"https:\/\/sjfu.fr\/intranet\/wp-json\/wp\/v2\/pages\/2931","targetHints":{"allow":["GET"]}}],"collection":[{"href":"https:\/\/sjfu.fr\/intranet\/wp-json\/wp\/v2\/pages"}],"about":[{"href":"https:\/\/sjfu.fr\/intranet\/wp-json\/wp\/v2\/types\/page"}],"author":[{"embeddable":true,"href":"https:\/\/sjfu.fr\/intranet\/wp-json\/wp\/v2\/users\/1"}],"replies":[{"embeddable":true,"href":"https:\/\/sjfu.fr\/intranet\/wp-json\/wp\/v2\/comments?post=2931"}],"version-history":[{"count":2,"href":"https:\/\/sjfu.fr\/intranet\/wp-json\/wp\/v2\/pages\/2931\/revisions"}],"predecessor-version":[{"id":2933,"href":"https:\/\/sjfu.fr\/intranet\/wp-json\/wp\/v2\/pages\/2931\/revisions\/2933"}],"up":[{"embeddable":true,"href":"https:\/\/sjfu.fr\/intranet\/wp-json\/wp\/v2\/pages\/38"}],"wp:attachment":[{"href":"https:\/\/sjfu.fr\/intranet\/wp-json\/wp\/v2\/media?parent=2931"}],"curies":[{"name":"wp","href":"https:\/\/api.w.org\/{rel}","templated":true}]}}