{"id":295,"date":"2015-12-16T22:37:21","date_gmt":"2015-12-16T21:37:21","guid":{"rendered":"http:\/\/sjfu.fr\/intranet\/?page_id=295"},"modified":"2022-02-18T11:57:02","modified_gmt":"2022-02-18T10:57:02","slug":"sndgct","status":"publish","type":"page","link":"https:\/\/sjfu.fr\/intranet\/actions-syndicales\/partenariats\/sndgct\/","title":{"rendered":"Syndicat national des directeurs g\u00e9n\u00e9raux de collectivit\u00e9 territoriale"},"content":{"rendered":"<p><a href=\"https:\/\/sjfu.fr\/intranet\/wp-content\/uploads\/2015\/12\/RP-2015-VS-SP.jpg\"><img loading=\"lazy\" decoding=\"async\" class=\"alignright size-medium wp-image-303\" src=\"https:\/\/sjfu.fr\/intranet\/wp-content\/uploads\/2015\/12\/RP-2015-VS-SP-300x200.jpg\" alt=\"RP-2015-VS-SP\" width=\"300\" height=\"200\" srcset=\"https:\/\/sjfu.fr\/intranet\/wp-content\/uploads\/2015\/12\/RP-2015-VS-SP-300x200.jpg 300w, https:\/\/sjfu.fr\/intranet\/wp-content\/uploads\/2015\/12\/RP-2015-VS-SP-1024x681.jpg 1024w\" sizes=\"auto, (max-width: 300px) 100vw, 300px\" \/><\/a>Le Syndicat national des directeurs g\u00e9n\u00e9raux de collectivit\u00e9 territoriale (SNDGCT) cumule 75\u00a0ans d\u2019exp\u00e9rience dans la d\u00e9fense des int\u00e9r\u00eats moraux et mat\u00e9riels des secr\u00e9taires g\u00e9n\u00e9raux (SG), directeurs g\u00e9n\u00e9raux des services (DGS) et directeurs g\u00e9n\u00e9raux de l\u2019action sociale (DGAS) avec pr\u00e8s de 4 000 adh\u00e9rents repr\u00e9sentant 90 % des structures locales.<\/p>\n<p>Le SNDGCT est pr\u00e9sid\u00e9 par St\u00e9phane Pintre, DGS d ela ville d&rsquo;Antibes.<\/p>\n<p>Le SJFu et le SNDGCT organisent tous les deux ans des rencontres professionnelles au sein du Palais du Luxembourg.<\/p>\n<p><a href=\"https:\/\/sjfu.fr\/intranet\/wp-content\/uploads\/2015\/12\/RP-2015-1.jpg\"><img loading=\"lazy\" decoding=\"async\" class=\"alignleft size-medium wp-image-300\" src=\"https:\/\/sjfu.fr\/intranet\/wp-content\/uploads\/2015\/12\/RP-2015-1-300x200.jpg\" alt=\"RP-2015-1\" width=\"300\" height=\"200\" srcset=\"https:\/\/sjfu.fr\/intranet\/wp-content\/uploads\/2015\/12\/RP-2015-1-300x200.jpg 300w, https:\/\/sjfu.fr\/intranet\/wp-content\/uploads\/2015\/12\/RP-2015-1-1024x683.jpg 1024w\" sizes=\"auto, (max-width: 300px) 100vw, 300px\" \/><\/a>Les \u00ab\u00a0<a href=\"https:\/\/www.linkedin.com\/pulse\/rencontres-professionnelles-2015-vincent-sivr%C3%A9?trk=prof-post\">Rencontres professionnelles 2015<\/a>\u00a0\u00bb tenues le 16 octobre 2015 ont permis\u00a0\u00e0 plus de cent directeurs territoriaux et\u00a0magistrats financiers pr\u00e9sents d\u2019exprimer une volont\u00e9 commune de partager leurs exp\u00e9riences professionnelles et leurs outils au service du public.\u00a0Carrefour de t\u00e9moignages d\u2019experts de terrain et d\u2019universitaires, ces rencontres se sont organis\u00e9es\u00a0autour de deux tables rondes : \u00abQuel bilan dresser des parcours crois\u00e9s entre CRTC\u00a0et fonction publique territoriale?\u00bb et \u00abDe nouvelles organisations territoriales, quels impacts sur nos m\u00e9tiers ?\u00bb. Autre temps fort, \u00abLe grand t\u00e9moin\u00bb,\u00a0Michel Bouvier, y a\u00a0pr\u00e9sent\u00e9\u00a0les <a href=\"https:\/\/drive.google.com\/file\/d\/0BwRWtKE4DOnAMUJadmRIWkJxQk0\/view?usp=sharing\">enjeux de la gouvernance locale<\/a>\u00a0dans un contexte de r\u00e9duction des d\u00e9ficits publics. Les discours<a href=\"https:\/\/drive.google.com\/file\/d\/0BwRWtKE4DOnAYVpQZTVOVDZtRVk\/view?usp=sharing\">d\u2019ouverture<\/a> et\u00a0de <a href=\"https:\/\/drive.google.com\/file\/d\/0BwRWtKE4DOnAR1lSb0RJVV9rNmc\/view?usp=sharing\">cl\u00f4ture<\/a> ont mis l\u2019accent sur les enjeux financiers auxquels sont confront\u00e9es les administrations publiques locales et sur la n\u00e9cessaire lev\u00e9e des obstacles \u00e0 la mobilit\u00e9 professionnelle des dirigeants territoriaux et des magistrats de CRTC. Les coll\u00e8gues n\u2019ayant pas eu la possibilit\u00e9 de participer \u00e0 ces \u00e9changes peuvent en prendre connaissance en t\u00e9l\u00e9chargeant ces enregistrements sous la forme de fichiers MP3 (<a href=\"https:\/\/drive.google.com\/file\/d\/0BwRWtKE4DOnAb1FWWlFzMGFRbzQ\/view?usp=sharing\">discours d\u2019ouverture<\/a>,\u00a0<a href=\"https:\/\/drive.google.com\/file\/d\/0BwRWtKE4DOnATkFUelFzZ01iYms\/view?usp=sharing\">tables rondes du matin<\/a>,<a href=\"https:\/\/drive.google.com\/file\/d\/0BwRWtKE4DOnAWWRHZWZiOFFOZzg\/view?usp=sharing\">conf\u00e9rence de Michel Bouvier<\/a>\u00a0; <a href=\"https:\/\/drive.google.com\/file\/d\/0BwRWtKE4DOnAZ19NN1lFVUx6d2M\/view?usp=sharing\">table ronde de l\u2019apr\u00e8s-midi<\/a>, <a href=\"https:\/\/drive.google.com\/file\/d\/0BwRWtKE4DOnAVkdobmtsNm5wUWM\/view?usp=sharing\">discours de cl\u00f4ture<\/a>).<\/p>\n","protected":false},"excerpt":{"rendered":"<p>Le Syndicat national des directeurs g\u00e9n\u00e9raux de collectivit\u00e9 territoriale (SNDGCT) cumule 75\u00a0ans d\u2019exp\u00e9rience dans la d\u00e9fense des int\u00e9r\u00eats moraux et mat\u00e9riels des secr\u00e9taires g\u00e9n\u00e9raux (SG), directeurs g\u00e9n\u00e9raux des services (DGS) et directeurs g\u00e9n\u00e9raux de l\u2019action sociale (DGAS) avec pr\u00e8s de 4 000 adh\u00e9rents repr\u00e9sentant 90 % des structures locales. Le<a href=\"https:\/\/sjfu.fr\/intranet\/actions-syndicales\/partenariats\/sndgct\/\" class=\"read-more\">Read the Rest&#8230;<\/a><\/p>\n","protected":false},"author":1,"featured_media":0,"parent":73,"menu_order":5,"comment_status":"closed","ping_status":"closed","template":"","meta":{"footnotes":""},"class_list":["post-295","page","type-page","status-publish","hentry"],"_links":{"self":[{"href":"https:\/\/sjfu.fr\/intranet\/wp-json\/wp\/v2\/pages\/295","targetHints":{"allow":["GET"]}}],"collection":[{"href":"https:\/\/sjfu.fr\/intranet\/wp-json\/wp\/v2\/pages"}],"about":[{"href":"https:\/\/sjfu.fr\/intranet\/wp-json\/wp\/v2\/types\/page"}],"author":[{"embeddable":true,"href":"https:\/\/sjfu.fr\/intranet\/wp-json\/wp\/v2\/users\/1"}],"replies":[{"embeddable":true,"href":"https:\/\/sjfu.fr\/intranet\/wp-json\/wp\/v2\/comments?post=295"}],"version-history":[{"count":10,"href":"https:\/\/sjfu.fr\/intranet\/wp-json\/wp\/v2\/pages\/295\/revisions"}],"predecessor-version":[{"id":3322,"href":"https:\/\/sjfu.fr\/intranet\/wp-json\/wp\/v2\/pages\/295\/revisions\/3322"}],"up":[{"embeddable":true,"href":"https:\/\/sjfu.fr\/intranet\/wp-json\/wp\/v2\/pages\/73"}],"wp:attachment":[{"href":"https:\/\/sjfu.fr\/intranet\/wp-json\/wp\/v2\/media?parent=295"}],"curies":[{"name":"wp","href":"https:\/\/api.w.org\/{rel}","templated":true}]}}