{"id":3019,"date":"2019-10-04T13:44:36","date_gmt":"2019-10-04T12:44:36","guid":{"rendered":"http:\/\/sjfu.fr\/intranet\/?page_id=3019"},"modified":"2022-02-18T11:14:24","modified_gmt":"2022-02-18T10:14:24","slug":"congres","status":"publish","type":"page","link":"https:\/\/sjfu.fr\/intranet\/fonctionnement-des-instances\/congres\/","title":{"rendered":"Congr\u00e8s"},"content":{"rendered":"\n<figure class=\"wp-block-image size-large\"><img loading=\"lazy\" decoding=\"async\" width=\"640\" height=\"479\" src=\"https:\/\/sjfu.fr\/intranet\/wp-content\/uploads\/2022\/02\/Congr\u00e8s-marseille-ED.jpg\" alt=\"\" class=\"wp-image-3311\" srcset=\"https:\/\/sjfu.fr\/intranet\/wp-content\/uploads\/2022\/02\/Congr\u00e8s-marseille-ED.jpg 640w, https:\/\/sjfu.fr\/intranet\/wp-content\/uploads\/2022\/02\/Congr\u00e8s-marseille-ED-300x225.jpg 300w, https:\/\/sjfu.fr\/intranet\/wp-content\/uploads\/2022\/02\/Congr\u00e8s-marseille-ED-600x449.jpg 600w\" sizes=\"auto, (max-width: 640px) 100vw, 640px\" \/><figcaption>Congr\u00e8s du SJF \u00e0 Marseille (novembre 2021)<\/figcaption><\/figure>\n\n\n\n<p>Le congr\u00e8s se r\u00e9unit chaque ann\u00e9e, sur convocation du  pr\u00e9sident. Il d\u00e9finit la politique syndicale, approuve le rapport  d\u2019activit\u00e9 et les comptes de l\u2019exercice clos, d\u00e9lib\u00e8re sur les questions  inscrites \u00e0 l\u2019ordre du jour.  Des congr\u00e8s extraordinaires peuvent \u00e9galement se tenir si besoin.<\/p>\n\n\n\n<p>Retrouvez les informations sur le congr\u00e8s sur le <a href=\"https:\/\/sjfu.fr\/index.php\/notre-syndicat\/congres\/\">site internet<\/a> du SJF, et les principaux rapports et documents pr\u00e9sent\u00e9s\/adopt\u00e9s sur l&rsquo;intranet.<\/p>\n","protected":false},"excerpt":{"rendered":"<p>Le congr\u00e8s se r\u00e9unit chaque ann\u00e9e, sur convocation du pr\u00e9sident. Il d\u00e9finit la politique syndicale, approuve le rapport d\u2019activit\u00e9 et les comptes de l\u2019exercice clos, d\u00e9lib\u00e8re sur les questions inscrites \u00e0 l\u2019ordre du jour. Des congr\u00e8s extraordinaires peuvent \u00e9galement se tenir si besoin. Retrouvez les informations sur le congr\u00e8s sur<a href=\"https:\/\/sjfu.fr\/intranet\/fonctionnement-des-instances\/congres\/\" class=\"read-more\">Read the Rest&#8230;<\/a><\/p>\n","protected":false},"author":1,"featured_media":0,"parent":2130,"menu_order":0,"comment_status":"closed","ping_status":"closed","template":"","meta":{"footnotes":""},"class_list":["post-3019","page","type-page","status-publish","hentry"],"_links":{"self":[{"href":"https:\/\/sjfu.fr\/intranet\/wp-json\/wp\/v2\/pages\/3019","targetHints":{"allow":["GET"]}}],"collection":[{"href":"https:\/\/sjfu.fr\/intranet\/wp-json\/wp\/v2\/pages"}],"about":[{"href":"https:\/\/sjfu.fr\/intranet\/wp-json\/wp\/v2\/types\/page"}],"author":[{"embeddable":true,"href":"https:\/\/sjfu.fr\/intranet\/wp-json\/wp\/v2\/users\/1"}],"replies":[{"embeddable":true,"href":"https:\/\/sjfu.fr\/intranet\/wp-json\/wp\/v2\/comments?post=3019"}],"version-history":[{"count":2,"href":"https:\/\/sjfu.fr\/intranet\/wp-json\/wp\/v2\/pages\/3019\/revisions"}],"predecessor-version":[{"id":3312,"href":"https:\/\/sjfu.fr\/intranet\/wp-json\/wp\/v2\/pages\/3019\/revisions\/3312"}],"up":[{"embeddable":true,"href":"https:\/\/sjfu.fr\/intranet\/wp-json\/wp\/v2\/pages\/2130"}],"wp:attachment":[{"href":"https:\/\/sjfu.fr\/intranet\/wp-json\/wp\/v2\/media?parent=3019"}],"curies":[{"name":"wp","href":"https:\/\/api.w.org\/{rel}","templated":true}]}}