{"id":3021,"date":"2019-10-04T13:59:06","date_gmt":"2019-10-04T12:59:06","guid":{"rendered":"http:\/\/sjfu.fr\/intranet\/?page_id=3021"},"modified":"2023-11-14T21:56:36","modified_gmt":"2023-11-14T20:56:36","slug":"rennes-2019","status":"publish","type":"page","link":"https:\/\/sjfu.fr\/intranet\/fonctionnement-des-instances\/congres\/rennes-2019\/","title":{"rendered":"Rennes 2019"},"content":{"rendered":"\n<p><\/p>\n\n\n\n<p class=\"has-text-align-center has-medium-font-size\"><strong><a href=\"https:\/\/drive.google.com\/open?id=181qmZeC447YL3urFMDU3t88pa9VKMYEZ\">Programme<\/a><\/strong><\/p>\n\n\n\n<p><\/p>\n\n\n\n<p class=\"has-medium-font-size\"><strong>Dossier sur la convergence de la Cour et des CRTC : <\/strong><\/p>\n\n\n\n<ul class=\"wp-block-list\"><li><strong><a href=\"https:\/\/drive.google.com\/open?id=19RgjrxqNRYquTjn2xH8WXRJrg8WCfIYg\">Proposition de ligne syndicale et motions des sections<\/a><\/strong><\/li><li><a href=\"https:\/\/drive.google.com\/open?id=1zKJoGAcc-Ob77fDYG1XuarRx56BYzB5D\">Annexe n\u00b01 &#8211; diagnostic du d\u00e9crochage du corps des magistrats de CRTC<\/a><\/li><li><a href=\"https:\/\/drive.google.com\/open?id=1grlTE9WVZZsDw2uadOmeevDIia_MSory\">Annexe n\u00b02 &#8211; Comparaison du r\u00e9gime indemnitaire des magistrats financiers<\/a><\/li><li><a href=\"https:\/\/drive.google.com\/open?id=1ucfSKM1dn_e1bAutrYWJh5IAGusq0ai0\">Annexe n\u00b03 &#8211; Propositions de modification du CJF pour la cr\u00e9ation d&rsquo;un corps unique de magistrats<\/a><\/li><li><a href=\"https:\/\/drive.google.com\/open?id=1qAocRImhttuCKdZPlxG6zghT-GRntpn1\">Annexe n\u00b04 &#8211; Propositions d&rsquo;harmonisation de la pr\u00e9vention des conflits d&rsquo;int\u00e9r\u00eats au sein des JF<\/a><\/li><\/ul>\n\n\n\n<p><\/p>\n\n\n\n<p class=\"has-text-align-center has-medium-font-size\"><strong><a href=\"https:\/\/drive.google.com\/open?id=19u7CpDpWmyfWsCuEQ_o0rYvionpv9Cyf\">Dossier \u00e9lectoral<\/a><\/strong><\/p>\n\n\n\n<p><\/p>\n\n\n\n<p class=\"has-text-align-center has-medium-font-size\"><strong><a href=\"https:\/\/drive.google.com\/open?id=1N17mIoIgO77SwkuVwSUJdf-vkqMOze7v\">Rapport moral du pr\u00e9sident<\/a><\/strong><\/p>\n\n\n\n<p class=\"has-text-align-center has-medium-font-size\"><a href=\"https:\/\/drive.google.com\/open?id=1OHusdeRjnbQjDhQ94uP40wh-TNXqPlLE\">Rapport financier du tr\u00e9sorier<\/a><\/p>\n\n\n\n<p class=\"has-text-align-center has-medium-font-size\"><a href=\"https:\/\/drive.google.com\/open?id=1Or4VZFs5t244Si27LansxMB53DfqfMXz\">Rapport du r\u00e9viseur aux comptes<\/a><\/p>\n\n\n\n<p><\/p>\n\n\n\n<p class=\"has-text-align-center has-medium-font-size\"><strong><a href=\"http:\/\/sjfu.fr\/index.php\/notre-syndicat\/congres\/rennes-2019\/modalites-pratiques\/\">Modalit\u00e9s pratiques<\/a><\/strong><\/p>\n\n\n\n<div class=\"wp-block-image\"><figure class=\"aligncenter is-resized\"><img loading=\"lazy\" decoding=\"async\" src=\"https:\/\/sjfu.fr\/intranet\/wp-content\/uploads\/2019\/10\/IMG_3664-1024x768.jpg\" alt=\"\" class=\"wp-image-3022\" width=\"407\" height=\"305\" srcset=\"https:\/\/sjfu.fr\/intranet\/wp-content\/uploads\/2019\/10\/IMG_3664-1024x768.jpg 1024w, https:\/\/sjfu.fr\/intranet\/wp-content\/uploads\/2019\/10\/IMG_3664-300x225.jpg 300w, https:\/\/sjfu.fr\/intranet\/wp-content\/uploads\/2019\/10\/IMG_3664-768x576.jpg 768w, https:\/\/sjfu.fr\/intranet\/wp-content\/uploads\/2019\/10\/IMG_3664-600x450.jpg 600w, https:\/\/sjfu.fr\/intranet\/wp-content\/uploads\/2019\/10\/IMG_3664-1320x990.jpg 1320w\" sizes=\"auto, (max-width: 407px) 100vw, 407px\" \/><\/figure><\/div>\n\n\n\n<p class=\"has-text-color has-medium-font-size has-very-dark-gray-color\"><\/p>\n\n\n\n<p class=\"has-text-align-center\"><strong>Formalit\u00e9s :<\/strong><\/p>\n\n\n\n<p class=\"has-text-align-center\"><a href=\"http:\/\/sjfu.fr\/index.php\/notre-syndicat\/congres\/rennes-2019\/inscription-au-congres\/\">S&rsquo;inscrire au Congr\u00e8s de Rennes<\/a><\/p>\n\n\n\n<p class=\"has-text-align-center\"><a href=\"http:\/\/sjfu.fr\/index.php\/notre-syndicat\/congres\/rennes-2019\/donner-mandat-a-un-collegue\/\">Donner mandat \u00e0 un coll\u00e8gue<\/a><\/p>\n\n\n\n<p class=\"has-text-align-center\"><a href=\"http:\/\/sjfu.fr\/index.php\/notre-syndicat\/congres\/rennes-2019\/candidature-a-lelection-2019-du-bureau-national-du-sjf\/\">Candidater \u00e0 la pr\u00e9sidence ou au bureau national<\/a><\/p>\n\n\n\n<p>Retrouvez les <a href=\"https:\/\/sjfu.fr\/index.php\/notre-syndicat\/congres\/rennes-2019\/\">informations sur le Congr\u00e8s<\/a> sur le site internet du SJF.<\/p>\n","protected":false},"excerpt":{"rendered":"<p>Programme Dossier sur la convergence de la Cour et des CRTC : Proposition de ligne syndicale et motions des sections Annexe n\u00b01 &#8211; diagnostic du d\u00e9crochage du corps des magistrats de CRTC Annexe n\u00b02 &#8211; Comparaison du r\u00e9gime indemnitaire des magistrats financiers Annexe n\u00b03 &#8211; Propositions de modification du CJF<a href=\"https:\/\/sjfu.fr\/intranet\/fonctionnement-des-instances\/congres\/rennes-2019\/\" class=\"read-more\">Read the Rest&#8230;<\/a><\/p>\n","protected":false},"author":1,"featured_media":0,"parent":3019,"menu_order":5,"comment_status":"closed","ping_status":"closed","template":"","meta":{"footnotes":""},"class_list":["post-3021","page","type-page","status-publish","hentry"],"_links":{"self":[{"href":"https:\/\/sjfu.fr\/intranet\/wp-json\/wp\/v2\/pages\/3021","targetHints":{"allow":["GET"]}}],"collection":[{"href":"https:\/\/sjfu.fr\/intranet\/wp-json\/wp\/v2\/pages"}],"about":[{"href":"https:\/\/sjfu.fr\/intranet\/wp-json\/wp\/v2\/types\/page"}],"author":[{"embeddable":true,"href":"https:\/\/sjfu.fr\/intranet\/wp-json\/wp\/v2\/users\/1"}],"replies":[{"embeddable":true,"href":"https:\/\/sjfu.fr\/intranet\/wp-json\/wp\/v2\/comments?post=3021"}],"version-history":[{"count":9,"href":"https:\/\/sjfu.fr\/intranet\/wp-json\/wp\/v2\/pages\/3021\/revisions"}],"predecessor-version":[{"id":3307,"href":"https:\/\/sjfu.fr\/intranet\/wp-json\/wp\/v2\/pages\/3021\/revisions\/3307"}],"up":[{"embeddable":true,"href":"https:\/\/sjfu.fr\/intranet\/wp-json\/wp\/v2\/pages\/3019"}],"wp:attachment":[{"href":"https:\/\/sjfu.fr\/intranet\/wp-json\/wp\/v2\/media?parent=3021"}],"curies":[{"name":"wp","href":"https:\/\/api.w.org\/{rel}","templated":true}]}}