{"id":3119,"date":"2020-03-06T15:59:20","date_gmt":"2020-03-06T14:59:20","guid":{"rendered":"http:\/\/sjfu.fr\/intranet\/?page_id=3119"},"modified":"2020-03-06T15:59:21","modified_gmt":"2020-03-06T14:59:21","slug":"bilan-2019-du-nouveau-regime-indemnitaire","status":"publish","type":"page","link":"https:\/\/sjfu.fr\/intranet\/actions-syndicales\/statut-et-remuneration\/concertation-sur-la-renovation-du-regime-indemnitaire\/bilan-2019-du-nouveau-regime-indemnitaire\/","title":{"rendered":"Bilan 2019 du nouveau r\u00e9gime indemnitaire"},"content":{"rendered":"\n<p>A l&rsquo;instar du bilan 2018, les repr\u00e9sentants des magistrats \u00e9lus au Conseil sup\u00e9rieur ont r\u00e9alis\u00e9 un bilan de la deuxi\u00e8me ann\u00e9e de d\u00e9ploiement du nouveau r\u00e9gime indemnitaire, instaur\u00e9 par d\u00e9cret du 31 d\u00e9cembre 2017. Il a \u00e9t\u00e9 pr\u00e9sent\u00e9 au Conseil sup\u00e9rieur du 5 mars 2020.<\/p>\n\n\n\n<p>Ce bilan assure le suivi de la mise en \u0153uvre des propositions formul\u00e9es dans le bilan 2018 et pr\u00e9sente la r\u00e9partition des primes communiqu\u00e9e par l&rsquo;administration.<\/p>\n\n\n\n<h3 class=\"wp-block-heading\"><strong><a href=\"https:\/\/drive.google.com\/open?id=1pOuvi0DlSf0rO9N0xgrHptio0v82UsuF\">Consulter le bilan 2019 du nouveau r\u00e9gime indemnitaire<\/a><\/strong><\/h3>\n","protected":false},"excerpt":{"rendered":"<p>A l&rsquo;instar du bilan 2018, les repr\u00e9sentants des magistrats \u00e9lus au Conseil sup\u00e9rieur ont r\u00e9alis\u00e9 un bilan de la deuxi\u00e8me ann\u00e9e de d\u00e9ploiement du nouveau r\u00e9gime indemnitaire, instaur\u00e9 par d\u00e9cret du 31 d\u00e9cembre 2017. Il a \u00e9t\u00e9 pr\u00e9sent\u00e9 au Conseil sup\u00e9rieur du 5 mars 2020. Ce bilan assure le suivi<a href=\"https:\/\/sjfu.fr\/intranet\/actions-syndicales\/statut-et-remuneration\/concertation-sur-la-renovation-du-regime-indemnitaire\/bilan-2019-du-nouveau-regime-indemnitaire\/\" class=\"read-more\">Read the Rest&#8230;<\/a><\/p>\n","protected":false},"author":1,"featured_media":0,"parent":38,"menu_order":4,"comment_status":"closed","ping_status":"closed","template":"","meta":{"footnotes":""},"class_list":["post-3119","page","type-page","status-publish","hentry"],"_links":{"self":[{"href":"https:\/\/sjfu.fr\/intranet\/wp-json\/wp\/v2\/pages\/3119","targetHints":{"allow":["GET"]}}],"collection":[{"href":"https:\/\/sjfu.fr\/intranet\/wp-json\/wp\/v2\/pages"}],"about":[{"href":"https:\/\/sjfu.fr\/intranet\/wp-json\/wp\/v2\/types\/page"}],"author":[{"embeddable":true,"href":"https:\/\/sjfu.fr\/intranet\/wp-json\/wp\/v2\/users\/1"}],"replies":[{"embeddable":true,"href":"https:\/\/sjfu.fr\/intranet\/wp-json\/wp\/v2\/comments?post=3119"}],"version-history":[{"count":1,"href":"https:\/\/sjfu.fr\/intranet\/wp-json\/wp\/v2\/pages\/3119\/revisions"}],"predecessor-version":[{"id":3120,"href":"https:\/\/sjfu.fr\/intranet\/wp-json\/wp\/v2\/pages\/3119\/revisions\/3120"}],"up":[{"embeddable":true,"href":"https:\/\/sjfu.fr\/intranet\/wp-json\/wp\/v2\/pages\/38"}],"wp:attachment":[{"href":"https:\/\/sjfu.fr\/intranet\/wp-json\/wp\/v2\/media?parent=3119"}],"curies":[{"name":"wp","href":"https:\/\/api.w.org\/{rel}","templated":true}]}}