{"id":3205,"date":"2022-01-24T23:00:12","date_gmt":"2022-01-24T22:00:12","guid":{"rendered":"http:\/\/sjfu.fr\/intranet\/?page_id=3205"},"modified":"2023-11-14T21:55:59","modified_gmt":"2023-11-14T20:55:59","slug":"congres-2020","status":"publish","type":"page","link":"https:\/\/sjfu.fr\/intranet\/fonctionnement-des-instances\/congres\/congres-2020\/","title":{"rendered":"Congr\u00e8s 2020"},"content":{"rendered":"\n<p>Le Congr\u00e8s 2020 du SJF s&rsquo;est tenu en novembre 2020 de mani\u00e8re d\u00e9mat\u00e9rialis\u00e9e en raison de la crise sanitaire:<\/p>\n\n\n\n<p><a href=\"https:\/\/drive.google.com\/file\/d\/1XCc696qXZm4Sn9PKMrsUUwpVUd0tAYZL\/view?usp=sharing\">Programme<\/a><\/p>\n\n\n\n<p><a href=\"https:\/\/drive.google.com\/file\/d\/1XFSfElCTj283pVxSQXQr2x1kWBvdkrJ2\/view?usp=sharing\">Rapport d&rsquo;activit\u00e9 2020<\/a><\/p>\n\n\n\n<p><a href=\"https:\/\/drive.google.com\/file\/d\/1o0p3KLe0-EmNJDtNqGeXnJejNb3HOuwZ\/view?usp=sharing\">Rapport financier 2019<\/a><\/p>\n\n\n\n<p><a href=\"https:\/\/drive.google.com\/file\/d\/1bdnOXKbQlkZxO-ytXXgT-mRHOX-4lyhx\/view?usp=sharing\">Rapport du r\u00e9viseur aux comptes 2019<\/a><\/p>\n\n\n\n<p><a href=\"https:\/\/drive.google.com\/file\/d\/1yes0TasFLJMtQiJTROxfT-guyvNc7bAo\/view?usp=sharing\">Cotisations 2021<\/a><\/p>\n\n\n\n<p><a href=\"https:\/\/drive.google.com\/file\/d\/1nmRjric0lNjY7FY6ZKK9h_TyIVGNSRcq\/view?usp=sharing\">Rapport des \u00e9lus au Conseil sup\u00e9rieur<\/a><\/p>\n\n\n\n<p><a href=\"https:\/\/drive.google.com\/file\/d\/1lM1wkTrV_-qj2b5bOMsjKjVYtt6lctIj\/view?usp=sharing\">Rapport des repr\u00e9sentants au coll\u00e8ge de d\u00e9ontologie<\/a><\/p>\n","protected":false},"excerpt":{"rendered":"<p>Le Congr\u00e8s 2020 du SJF s&rsquo;est tenu en novembre 2020 de mani\u00e8re d\u00e9mat\u00e9rialis\u00e9e en raison de la crise sanitaire: Programme Rapport d&rsquo;activit\u00e9 2020 Rapport financier 2019 Rapport du r\u00e9viseur aux comptes 2019 Cotisations 2021 Rapport des \u00e9lus au Conseil sup\u00e9rieur Rapport des repr\u00e9sentants au coll\u00e8ge de d\u00e9ontologie<\/p>\n","protected":false},"author":1,"featured_media":0,"parent":3019,"menu_order":4,"comment_status":"closed","ping_status":"closed","template":"","meta":{"footnotes":""},"class_list":["post-3205","page","type-page","status-publish","hentry"],"_links":{"self":[{"href":"https:\/\/sjfu.fr\/intranet\/wp-json\/wp\/v2\/pages\/3205","targetHints":{"allow":["GET"]}}],"collection":[{"href":"https:\/\/sjfu.fr\/intranet\/wp-json\/wp\/v2\/pages"}],"about":[{"href":"https:\/\/sjfu.fr\/intranet\/wp-json\/wp\/v2\/types\/page"}],"author":[{"embeddable":true,"href":"https:\/\/sjfu.fr\/intranet\/wp-json\/wp\/v2\/users\/1"}],"replies":[{"embeddable":true,"href":"https:\/\/sjfu.fr\/intranet\/wp-json\/wp\/v2\/comments?post=3205"}],"version-history":[{"count":2,"href":"https:\/\/sjfu.fr\/intranet\/wp-json\/wp\/v2\/pages\/3205\/revisions"}],"predecessor-version":[{"id":3207,"href":"https:\/\/sjfu.fr\/intranet\/wp-json\/wp\/v2\/pages\/3205\/revisions\/3207"}],"up":[{"embeddable":true,"href":"https:\/\/sjfu.fr\/intranet\/wp-json\/wp\/v2\/pages\/3019"}],"wp:attachment":[{"href":"https:\/\/sjfu.fr\/intranet\/wp-json\/wp\/v2\/media?parent=3205"}],"curies":[{"name":"wp","href":"https:\/\/api.w.org\/{rel}","templated":true}]}}