{"id":3217,"date":"2022-01-25T10:12:12","date_gmt":"2022-01-25T09:12:12","guid":{"rendered":"http:\/\/sjfu.fr\/intranet\/?page_id=3217"},"modified":"2023-11-14T21:55:11","modified_gmt":"2023-11-14T20:55:11","slug":"congres-2021-marseille-novembre","status":"publish","type":"page","link":"https:\/\/sjfu.fr\/intranet\/fonctionnement-des-instances\/congres\/congres-2021-marseille-novembre\/","title":{"rendered":"Congr\u00e8s 2021 (Marseille, novembre)"},"content":{"rendered":"\n<figure class=\"wp-block-image size-large\"><img loading=\"lazy\" decoding=\"async\" width=\"800\" height=\"600\" src=\"https:\/\/sjfu.fr\/intranet\/wp-content\/uploads\/2022\/01\/Photo-congr\u00e8s-Marseille.msg_-1.jpg\" alt=\"\" class=\"wp-image-3218\" srcset=\"https:\/\/sjfu.fr\/intranet\/wp-content\/uploads\/2022\/01\/Photo-congr\u00e8s-Marseille.msg_-1.jpg 800w, https:\/\/sjfu.fr\/intranet\/wp-content\/uploads\/2022\/01\/Photo-congr\u00e8s-Marseille.msg_-1-300x225.jpg 300w, https:\/\/sjfu.fr\/intranet\/wp-content\/uploads\/2022\/01\/Photo-congr\u00e8s-Marseille.msg_-1-768x576.jpg 768w, https:\/\/sjfu.fr\/intranet\/wp-content\/uploads\/2022\/01\/Photo-congr\u00e8s-Marseille.msg_-1-600x450.jpg 600w\" sizes=\"auto, (max-width: 800px) 100vw, 800px\" \/><\/figure>\n\n\n\n<p>Le Congr\u00e8s de Marseille (novembre 2021) s&rsquo;est tenu en pleine discussion de la loi d\u2019habilitation autorisant la r\u00e9forme de la responsabilit\u00e9 unifi\u00e9e des gestionnaires publics. Il y a donc consacr\u00e9 l\u2019essentiel de ses travaux, autour du th\u00e8me de la \u00ab redevabilit\u00e9 des gestionnaires de l\u2019argent public au XXI\u00e8me si\u00e8cle \u00bb. Il s\u2019agit en effet d\u2019une r\u00e9forme ambitieuse et paradoxale, puisqu\u2019elle d\u00e9place missions et m\u00e9thodes de travail au b\u00e9n\u00e9fice d\u2019une int\u00e9gration fonctionnelle qui pourrait conduire \u00e0 analyser l\u2019action locale avec plus de distance et de recul. Le Premier pr\u00e9sident a \u00e9t\u00e9 convi\u00e9 \u00e0 se joindre \u00e0 ces r\u00e9flexions, de m\u00eame que le Directeur g\u00e9n\u00e9ral des finances publiques. Le maire de Marseille y \u00e9tait repr\u00e9sent\u00e9 par un adjoint.<\/p>\n\n\n\n<p>Le Congr\u00e8s a \u00e9galement vu le r<a href=\"http:\/\/sjfu.fr\/index.php\/notre-syndicat\/le-bureau\/\">enouvellement de la pr\u00e9sidence et du bureau national<\/a>. Une nouvelle \u00e9quipe a \u00e9t\u00e9 mise en place pour les deux prochaines ann\u00e9es en vue de d\u00e9fendre les int\u00e9r\u00eats des magistrats de CRTC.<\/p>\n\n\n\n<p><a href=\"https:\/\/drive.google.com\/file\/d\/10jrsdeGlPfYw1oWEIj0bbsO3CvdyBzXz\/view?usp=sharing\">Lettre aux adh\u00e9rents<\/a> en amont du Congr\u00e8s<\/p>\n\n\n\n<p><a href=\"https:\/\/drive.google.com\/file\/d\/16bkCENchUDxd5_BaPW42R2wiS80N3sqp\/view?usp=sharing\">Programme du Congr\u00e8s<\/a><\/p>\n\n\n\n<p><a href=\"https:\/\/drive.google.com\/file\/d\/1EmENGoezd37qKkxLF_k7TmJGkUy55Eb6\/view?usp=sharing\">Dossier statutaire du Congr\u00e8s<\/a><\/p>\n\n\n\n<p><a href=\"https:\/\/drive.google.com\/file\/d\/1bY2HuBlo-YGaniqLaUKJ470NYUEKfw26\/view?usp=sharing\">Rapport d&rsquo;activit\u00e9 2021<\/a><\/p>\n\n\n\n<p>Retrouvez \u00e9galement <a href=\"http:\/\/sjfu.fr\/index.php\/2021\/12\/10\/pierre-geneve-president-du-sjf-les-juridictions-financieres-ne-doivent-pas-devenir-de-simples-organismes-daudit\/\">l&rsquo;entretien<\/a> accord\u00e9 \u00e0 W\u00e9ka par le nouveau pr\u00e9sident du SJF, Pierre Gen\u00e8ve.<\/p>\n\n\n\n<p>Retrouvez les <a href=\"https:\/\/sjfu.fr\/index.php\/notre-syndicat\/congres\/marseille-2021\/\">informations sur le Congr\u00e8s<\/a> sur le site internet du SJF.<\/p>\n","protected":false},"excerpt":{"rendered":"<p>Le Congr\u00e8s de Marseille (novembre 2021) s&rsquo;est tenu en pleine discussion de la loi d\u2019habilitation autorisant la r\u00e9forme de la responsabilit\u00e9 unifi\u00e9e des gestionnaires publics. Il y a donc consacr\u00e9 l\u2019essentiel de ses travaux, autour du th\u00e8me de la \u00ab redevabilit\u00e9 des gestionnaires de l\u2019argent public au XXI\u00e8me si\u00e8cle \u00bb.<a href=\"https:\/\/sjfu.fr\/intranet\/fonctionnement-des-instances\/congres\/congres-2021-marseille-novembre\/\" class=\"read-more\">Read the Rest&#8230;<\/a><\/p>\n","protected":false},"author":1,"featured_media":0,"parent":3019,"menu_order":2,"comment_status":"closed","ping_status":"closed","template":"","meta":{"footnotes":""},"class_list":["post-3217","page","type-page","status-publish","hentry"],"_links":{"self":[{"href":"https:\/\/sjfu.fr\/intranet\/wp-json\/wp\/v2\/pages\/3217","targetHints":{"allow":["GET"]}}],"collection":[{"href":"https:\/\/sjfu.fr\/intranet\/wp-json\/wp\/v2\/pages"}],"about":[{"href":"https:\/\/sjfu.fr\/intranet\/wp-json\/wp\/v2\/types\/page"}],"author":[{"embeddable":true,"href":"https:\/\/sjfu.fr\/intranet\/wp-json\/wp\/v2\/users\/1"}],"replies":[{"embeddable":true,"href":"https:\/\/sjfu.fr\/intranet\/wp-json\/wp\/v2\/comments?post=3217"}],"version-history":[{"count":2,"href":"https:\/\/sjfu.fr\/intranet\/wp-json\/wp\/v2\/pages\/3217\/revisions"}],"predecessor-version":[{"id":3306,"href":"https:\/\/sjfu.fr\/intranet\/wp-json\/wp\/v2\/pages\/3217\/revisions\/3306"}],"up":[{"embeddable":true,"href":"https:\/\/sjfu.fr\/intranet\/wp-json\/wp\/v2\/pages\/3019"}],"wp:attachment":[{"href":"https:\/\/sjfu.fr\/intranet\/wp-json\/wp\/v2\/media?parent=3217"}],"curies":[{"name":"wp","href":"https:\/\/api.w.org\/{rel}","templated":true}]}}