{"id":3222,"date":"2022-01-29T21:25:48","date_gmt":"2022-01-29T20:25:48","guid":{"rendered":"http:\/\/sjfu.fr\/intranet\/?page_id=3222"},"modified":"2022-01-29T21:38:50","modified_gmt":"2022-01-29T20:38:50","slug":"agenda-2020","status":"publish","type":"page","link":"https:\/\/sjfu.fr\/intranet\/actions-syndicales\/agenda-social\/agenda-2020\/","title":{"rendered":"AGENDA 2020"},"content":{"rendered":"\n<figure class=\"wp-block-image size-large\"><img loading=\"lazy\" decoding=\"async\" width=\"581\" height=\"191\" src=\"https:\/\/sjfu.fr\/intranet\/wp-content\/uploads\/2018\/09\/agenda_social_rea_581_191.jpg\" alt=\"\" class=\"wp-image-2429\" srcset=\"https:\/\/sjfu.fr\/intranet\/wp-content\/uploads\/2018\/09\/agenda_social_rea_581_191.jpg 581w, https:\/\/sjfu.fr\/intranet\/wp-content\/uploads\/2018\/09\/agenda_social_rea_581_191-300x99.jpg 300w\" sizes=\"auto, (max-width: 581px) 100vw, 581px\" \/><\/figure>\n\n\n\n<p><strong>Merci de ne pas diffuser les documents ci-apr\u00e8s. Toute fuite d\u2019information est susceptible de nuire aux n\u00e9gociations et donc aux int\u00e9r\u00eats des magistrats<\/strong>.\u00a0Prenez connaissance de ces projets, posez des questions aux membres du bureau, mais veillez aussi \u00e0 ce que ces informations ne soient pas utilis\u00e9es par un tiers \u00e0 nos d\u00e9pends. <\/p>\n\n\n\n<p class=\"has-large-font-size\"> <strong>11 juin 2020<\/strong><\/p>\n\n\n\n<p>La r\u00e9union a permis d&rsquo;aborder:<\/p>\n\n\n\n<ul class=\"wp-block-list\"><li>la gestion de la crise sanitaire;<\/li><li>la proc\u00e9dure d&rsquo;int\u00e9gration des d\u00e9tach\u00e9s;<\/li><li>les lignes directrices de gestion<\/li><\/ul>\n\n\n\n<p>Par ailleurs, \u00e0 la suite de la demande du pr\u00e9sident du SJF, l\u2019administration a annonc\u00e9 qu&rsquo;un entretien serait organis\u00e9 rapidement le nouveau Premier pr\u00e9sident.<\/p>\n\n\n\n<p><a href=\"https:\/\/drive.google.com\/file\/d\/1VFQxTaTtrYo15488-B7Kw2vNgf42aoGN\/view?usp=sharing\">Consulter le compte-rendu de la r\u00e9union<\/a><\/p>\n","protected":false},"excerpt":{"rendered":"<p>Merci de ne pas diffuser les documents ci-apr\u00e8s. Toute fuite d\u2019information est susceptible de nuire aux n\u00e9gociations et donc aux int\u00e9r\u00eats des magistrats.\u00a0Prenez connaissance de ces projets, posez des questions aux membres du bureau, mais veillez aussi \u00e0 ce que ces informations ne soient pas utilis\u00e9es par un tiers \u00e0<a href=\"https:\/\/sjfu.fr\/intranet\/actions-syndicales\/agenda-social\/agenda-2020\/\" class=\"read-more\">Read the Rest&#8230;<\/a><\/p>\n","protected":false},"author":1,"featured_media":0,"parent":548,"menu_order":4,"comment_status":"closed","ping_status":"closed","template":"","meta":{"footnotes":""},"class_list":["post-3222","page","type-page","status-publish","hentry"],"_links":{"self":[{"href":"https:\/\/sjfu.fr\/intranet\/wp-json\/wp\/v2\/pages\/3222","targetHints":{"allow":["GET"]}}],"collection":[{"href":"https:\/\/sjfu.fr\/intranet\/wp-json\/wp\/v2\/pages"}],"about":[{"href":"https:\/\/sjfu.fr\/intranet\/wp-json\/wp\/v2\/types\/page"}],"author":[{"embeddable":true,"href":"https:\/\/sjfu.fr\/intranet\/wp-json\/wp\/v2\/users\/1"}],"replies":[{"embeddable":true,"href":"https:\/\/sjfu.fr\/intranet\/wp-json\/wp\/v2\/comments?post=3222"}],"version-history":[{"count":2,"href":"https:\/\/sjfu.fr\/intranet\/wp-json\/wp\/v2\/pages\/3222\/revisions"}],"predecessor-version":[{"id":3226,"href":"https:\/\/sjfu.fr\/intranet\/wp-json\/wp\/v2\/pages\/3222\/revisions\/3226"}],"up":[{"embeddable":true,"href":"https:\/\/sjfu.fr\/intranet\/wp-json\/wp\/v2\/pages\/548"}],"wp:attachment":[{"href":"https:\/\/sjfu.fr\/intranet\/wp-json\/wp\/v2\/media?parent=3222"}],"curies":[{"name":"wp","href":"https:\/\/api.w.org\/{rel}","templated":true}]}}