{"id":3224,"date":"2022-01-29T21:39:46","date_gmt":"2022-01-29T20:39:46","guid":{"rendered":"http:\/\/sjfu.fr\/intranet\/?page_id=3224"},"modified":"2022-01-29T21:42:47","modified_gmt":"2022-01-29T20:42:47","slug":"agenda-2021","status":"publish","type":"page","link":"https:\/\/sjfu.fr\/intranet\/actions-syndicales\/agenda-social\/agenda-2021\/","title":{"rendered":"AGENDA 2021"},"content":{"rendered":"\n<figure class=\"wp-block-image size-large\"><img loading=\"lazy\" decoding=\"async\" width=\"581\" height=\"191\" src=\"https:\/\/sjfu.fr\/intranet\/wp-content\/uploads\/2018\/09\/agenda_social_rea_581_191.jpg\" alt=\"\" class=\"wp-image-2429\" srcset=\"https:\/\/sjfu.fr\/intranet\/wp-content\/uploads\/2018\/09\/agenda_social_rea_581_191.jpg 581w, https:\/\/sjfu.fr\/intranet\/wp-content\/uploads\/2018\/09\/agenda_social_rea_581_191-300x99.jpg 300w\" sizes=\"auto, (max-width: 581px) 100vw, 581px\" \/><\/figure>\n\n\n\n<p><strong>Merci de ne pas diffuser les documents ci-apr\u00e8s. Toute fuite d\u2019information est susceptible de nuire aux n\u00e9gociations et donc aux int\u00e9r\u00eats des magistrats<\/strong>.&nbsp;Prenez connaissance de ces projets, posez des questions aux membres du bureau, mais veillez aussi \u00e0 ce que ces informations ne soient pas utilis\u00e9es par un tiers \u00e0 nos d\u00e9pends.  <\/p>\n\n\n\n<p class=\"has-large-font-size\"><strong>21 juillet 2021<\/strong><\/p>\n\n\n\n<p> La r\u00e9union a permis d&rsquo;aborder:<\/p>\n\n\n\n<ul class=\"wp-block-list\"><li>les freins \u00e0 la mobilit\u00e9;<\/li><li>la r\u00e9mun\u00e9ration indiciaire et indemnitaire;<\/li><li>l&rsquo;attractivit\u00e9 du corps.<\/li><\/ul>\n\n\n\n<p><a href=\"https:\/\/drive.google.com\/file\/d\/1jfm0C46Uz_RmXrqbkBAHpzPwJ_X9wkHi\/view?usp=sharing\">Consulter le compte-rendu de la r\u00e9union<\/a><\/p>\n\n\n\n<p>Le SJF rappelle que sur les sujets de l&rsquo;agenda social, il a fait des propositions figurant dans les r\u00e9solutions qu&rsquo;il a adopt\u00e9es lors de son <a href=\"https:\/\/sjfu.fr\/intranet\/fonctionnement-des-instances\/congres\/congres-extraordinaire-juin-2021\/\">congr\u00e8s extraordinaire de juin 2021.<\/a><\/p>\n","protected":false},"excerpt":{"rendered":"<p>Merci de ne pas diffuser les documents ci-apr\u00e8s. Toute fuite d\u2019information est susceptible de nuire aux n\u00e9gociations et donc aux int\u00e9r\u00eats des magistrats.&nbsp;Prenez connaissance de ces projets, posez des questions aux membres du bureau, mais veillez aussi \u00e0 ce que ces informations ne soient pas utilis\u00e9es par un tiers \u00e0<a href=\"https:\/\/sjfu.fr\/intranet\/actions-syndicales\/agenda-social\/agenda-2021\/\" class=\"read-more\">Read the Rest&#8230;<\/a><\/p>\n","protected":false},"author":1,"featured_media":0,"parent":548,"menu_order":5,"comment_status":"closed","ping_status":"closed","template":"","meta":{"footnotes":""},"class_list":["post-3224","page","type-page","status-publish","hentry"],"_links":{"self":[{"href":"https:\/\/sjfu.fr\/intranet\/wp-json\/wp\/v2\/pages\/3224","targetHints":{"allow":["GET"]}}],"collection":[{"href":"https:\/\/sjfu.fr\/intranet\/wp-json\/wp\/v2\/pages"}],"about":[{"href":"https:\/\/sjfu.fr\/intranet\/wp-json\/wp\/v2\/types\/page"}],"author":[{"embeddable":true,"href":"https:\/\/sjfu.fr\/intranet\/wp-json\/wp\/v2\/users\/1"}],"replies":[{"embeddable":true,"href":"https:\/\/sjfu.fr\/intranet\/wp-json\/wp\/v2\/comments?post=3224"}],"version-history":[{"count":2,"href":"https:\/\/sjfu.fr\/intranet\/wp-json\/wp\/v2\/pages\/3224\/revisions"}],"predecessor-version":[{"id":3228,"href":"https:\/\/sjfu.fr\/intranet\/wp-json\/wp\/v2\/pages\/3224\/revisions\/3228"}],"up":[{"embeddable":true,"href":"https:\/\/sjfu.fr\/intranet\/wp-json\/wp\/v2\/pages\/548"}],"wp:attachment":[{"href":"https:\/\/sjfu.fr\/intranet\/wp-json\/wp\/v2\/media?parent=3224"}],"curies":[{"name":"wp","href":"https:\/\/api.w.org\/{rel}","templated":true}]}}