{"id":3235,"date":"2022-01-31T10:56:45","date_gmt":"2022-01-31T09:56:45","guid":{"rendered":"http:\/\/sjfu.fr\/intranet\/?page_id=3235"},"modified":"2022-01-31T10:57:16","modified_gmt":"2022-01-31T09:57:16","slug":"bilan-2020-du-nouveau-regime-indemnitaire","status":"publish","type":"page","link":"https:\/\/sjfu.fr\/intranet\/actions-syndicales\/statut-et-remuneration\/concertation-sur-la-renovation-du-regime-indemnitaire\/bilan-2020-du-nouveau-regime-indemnitaire\/","title":{"rendered":"Bilan 2020 du nouveau r\u00e9gime indemnitaire"},"content":{"rendered":"\n<p>A l\u2019instar des ann\u00e9es pr\u00e9c\u00e9dentes, les repr\u00e9sentants des magistrats \u00e9lus au  Conseil sup\u00e9rieur ont r\u00e9alis\u00e9 un bilan de la troisi\u00e8me ann\u00e9e de  d\u00e9ploiement du nouveau r\u00e9gime indemnitaire, instaur\u00e9 par d\u00e9cret du 31  d\u00e9cembre 2017. Il a \u00e9t\u00e9 pr\u00e9sent\u00e9 au Conseil sup\u00e9rieur du 4 mars 2021.<\/p>\n\n\n\n<p><strong><a href=\"https:\/\/drive.google.com\/file\/d\/1dsVWD7gVhpryeSj4yYnScwpUsj9T6Znm\/view?usp=sharing\">Consulter le bilan 2020 du nouveau r\u00e9gime indemnitaire<\/a><\/strong><\/p>\n","protected":false},"excerpt":{"rendered":"<p>A l\u2019instar des ann\u00e9es pr\u00e9c\u00e9dentes, les repr\u00e9sentants des magistrats \u00e9lus au Conseil sup\u00e9rieur ont r\u00e9alis\u00e9 un bilan de la troisi\u00e8me ann\u00e9e de d\u00e9ploiement du nouveau r\u00e9gime indemnitaire, instaur\u00e9 par d\u00e9cret du 31 d\u00e9cembre 2017. Il a \u00e9t\u00e9 pr\u00e9sent\u00e9 au Conseil sup\u00e9rieur du 4 mars 2021. Consulter le bilan 2020 du<a href=\"https:\/\/sjfu.fr\/intranet\/actions-syndicales\/statut-et-remuneration\/concertation-sur-la-renovation-du-regime-indemnitaire\/bilan-2020-du-nouveau-regime-indemnitaire\/\" class=\"read-more\">Read the Rest&#8230;<\/a><\/p>\n","protected":false},"author":1,"featured_media":0,"parent":38,"menu_order":4,"comment_status":"closed","ping_status":"closed","template":"","meta":{"footnotes":""},"class_list":["post-3235","page","type-page","status-publish","hentry"],"_links":{"self":[{"href":"https:\/\/sjfu.fr\/intranet\/wp-json\/wp\/v2\/pages\/3235","targetHints":{"allow":["GET"]}}],"collection":[{"href":"https:\/\/sjfu.fr\/intranet\/wp-json\/wp\/v2\/pages"}],"about":[{"href":"https:\/\/sjfu.fr\/intranet\/wp-json\/wp\/v2\/types\/page"}],"author":[{"embeddable":true,"href":"https:\/\/sjfu.fr\/intranet\/wp-json\/wp\/v2\/users\/1"}],"replies":[{"embeddable":true,"href":"https:\/\/sjfu.fr\/intranet\/wp-json\/wp\/v2\/comments?post=3235"}],"version-history":[{"count":1,"href":"https:\/\/sjfu.fr\/intranet\/wp-json\/wp\/v2\/pages\/3235\/revisions"}],"predecessor-version":[{"id":3236,"href":"https:\/\/sjfu.fr\/intranet\/wp-json\/wp\/v2\/pages\/3235\/revisions\/3236"}],"up":[{"embeddable":true,"href":"https:\/\/sjfu.fr\/intranet\/wp-json\/wp\/v2\/pages\/38"}],"wp:attachment":[{"href":"https:\/\/sjfu.fr\/intranet\/wp-json\/wp\/v2\/media?parent=3235"}],"curies":[{"name":"wp","href":"https:\/\/api.w.org\/{rel}","templated":true}]}}