{"id":3248,"date":"2022-01-31T18:14:03","date_gmt":"2022-01-31T17:14:03","guid":{"rendered":"http:\/\/sjfu.fr\/intranet\/?page_id=3248"},"modified":"2023-11-14T21:56:59","modified_gmt":"2023-11-14T20:56:59","slug":"paris-2018","status":"publish","type":"page","link":"https:\/\/sjfu.fr\/intranet\/fonctionnement-des-instances\/congres\/paris-2018\/","title":{"rendered":"PARIS 2018"},"content":{"rendered":"\n<figure class=\"wp-block-image size-large\"><img loading=\"lazy\" decoding=\"async\" width=\"1024\" height=\"547\" src=\"https:\/\/sjfu.fr\/intranet\/wp-content\/uploads\/2022\/01\/SJF-AATF-2018-1024x547.jpg\" alt=\"\" class=\"wp-image-3245\" srcset=\"https:\/\/sjfu.fr\/intranet\/wp-content\/uploads\/2022\/01\/SJF-AATF-2018-1024x547.jpg 1024w, https:\/\/sjfu.fr\/intranet\/wp-content\/uploads\/2022\/01\/SJF-AATF-2018-300x160.jpg 300w, https:\/\/sjfu.fr\/intranet\/wp-content\/uploads\/2022\/01\/SJF-AATF-2018-768x411.jpg 768w, https:\/\/sjfu.fr\/intranet\/wp-content\/uploads\/2022\/01\/SJF-AATF-2018-600x321.jpg 600w, https:\/\/sjfu.fr\/intranet\/wp-content\/uploads\/2022\/01\/SJF-AATF-2018-1536x821.jpg 1536w, https:\/\/sjfu.fr\/intranet\/wp-content\/uploads\/2022\/01\/SJF-AATF-2018-2048x1095.jpg 2048w, https:\/\/sjfu.fr\/intranet\/wp-content\/uploads\/2022\/01\/SJF-AATF-2018-1320x706.jpg 1320w\" sizes=\"auto, (max-width: 1024px) 100vw, 1024px\" \/><figcaption>Congr\u00e8s du SJF de Paris (2018)<\/figcaption><\/figure>\n\n\n\n<p>Consultez les pages consacr\u00e9es au Congr\u00e8s du SJF de Paris (2018) directement sur le <a href=\"https:\/\/sjfu.fr\/index.php\/notre-syndicat\/congres\/paris-2018\/\">site internet<\/a> du syndicat.<\/p>\n\n\n\n<p>Ainsi que le programme qui avait \u00e9t\u00e9 annonc\u00e9 :<a href=\"http:\/\/sjfu.fr\/index.php\/2018\/09\/20\/congres-2018-assurer-la-transparence-et-la-performance-de-la-gestion-publique-locale-une-mission-regalienne\/\"> ici<\/a>.<\/p>\n","protected":false},"excerpt":{"rendered":"<p>Consultez les pages consacr\u00e9es au Congr\u00e8s du SJF de Paris (2018) directement sur le site internet du syndicat. Ainsi que le programme qui avait \u00e9t\u00e9 annonc\u00e9 : ici.<\/p>\n","protected":false},"author":1,"featured_media":0,"parent":3019,"menu_order":6,"comment_status":"closed","ping_status":"closed","template":"","meta":{"footnotes":""},"class_list":["post-3248","page","type-page","status-publish","hentry"],"_links":{"self":[{"href":"https:\/\/sjfu.fr\/intranet\/wp-json\/wp\/v2\/pages\/3248","targetHints":{"allow":["GET"]}}],"collection":[{"href":"https:\/\/sjfu.fr\/intranet\/wp-json\/wp\/v2\/pages"}],"about":[{"href":"https:\/\/sjfu.fr\/intranet\/wp-json\/wp\/v2\/types\/page"}],"author":[{"embeddable":true,"href":"https:\/\/sjfu.fr\/intranet\/wp-json\/wp\/v2\/users\/1"}],"replies":[{"embeddable":true,"href":"https:\/\/sjfu.fr\/intranet\/wp-json\/wp\/v2\/comments?post=3248"}],"version-history":[{"count":2,"href":"https:\/\/sjfu.fr\/intranet\/wp-json\/wp\/v2\/pages\/3248\/revisions"}],"predecessor-version":[{"id":3308,"href":"https:\/\/sjfu.fr\/intranet\/wp-json\/wp\/v2\/pages\/3248\/revisions\/3308"}],"up":[{"embeddable":true,"href":"https:\/\/sjfu.fr\/intranet\/wp-json\/wp\/v2\/pages\/3019"}],"wp:attachment":[{"href":"https:\/\/sjfu.fr\/intranet\/wp-json\/wp\/v2\/media?parent=3248"}],"curies":[{"name":"wp","href":"https:\/\/api.w.org\/{rel}","templated":true}]}}