{"id":3292,"date":"2022-02-08T21:40:06","date_gmt":"2022-02-08T20:40:06","guid":{"rendered":"http:\/\/sjfu.fr\/intranet\/?page_id=3292"},"modified":"2022-02-18T20:27:49","modified_gmt":"2022-02-18T19:27:49","slug":"lignes-directrices-de-gestion","status":"publish","type":"page","link":"https:\/\/sjfu.fr\/intranet\/actions-syndicales\/lignes-directrices-de-gestion\/","title":{"rendered":"Lignes directrices de gestion des magistrats de CRC 2021"},"content":{"rendered":"\n<p>L\u2019article 18 de la loi n\u00b084-16 du 11 janvier 1984 portant dispositions statutaires relatives \u00e0 la fonction publique de l\u2019Etat, dans sa r\u00e9daction issue de la loi n\u00b02019-828 du 6 ao\u00fbt 2019 portant transformation de la fonction publique, pr\u00e9voit l\u2019\u00e9diction de lignes directrices de gestion dans chaque administration. Les lignes directrices de gestion d\u00e9finissent la strat\u00e9gie pluriannuelle de pilotage des ressources humaines, notamment en mati\u00e8re de gestion pr\u00e9visionnelle des emplois et des comp\u00e9tences, fixent les orientations g\u00e9n\u00e9rales en mati\u00e8re de mobilit\u00e9 et en mati\u00e8re de promotion et de valorisation des parcours professionnels.<\/p>\n\n\n\n<p>Les <a href=\"https:\/\/drive.google.com\/file\/d\/18oqXzbVvDcA-5OWyJnLg3pyBsWYSVzoW\/view?usp=sharing\">lignes directrices de gestion concernant les magistrats financiers<\/a> ont \u00e9t\u00e9 pr\u00e9sent\u00e9es au <a href=\"https:\/\/drive.google.com\/file\/d\/1GfJ-YzXtDk-BRwYXKKXdNMmEZ9Jrehws\/view?usp=sharing\">Conseil Sup\u00e9rieur des CRTC du 4 mars 2021<\/a>. M\u00eame s&rsquo;il estime que des am\u00e9liorations sont possibles, le SJF a exprim\u00e9 un avis favorable sur celles-ci.<\/p>\n","protected":false},"excerpt":{"rendered":"<p>L\u2019article 18 de la loi n\u00b084-16 du 11 janvier 1984 portant dispositions statutaires relatives \u00e0 la fonction publique de l\u2019Etat, dans sa r\u00e9daction issue de la loi n\u00b02019-828 du 6 ao\u00fbt 2019 portant transformation de la fonction publique, pr\u00e9voit l\u2019\u00e9diction de lignes directrices de gestion dans chaque administration. Les lignes<a href=\"https:\/\/sjfu.fr\/intranet\/actions-syndicales\/lignes-directrices-de-gestion\/\" class=\"read-more\">Read the Rest&#8230;<\/a><\/p>\n","protected":false},"author":1,"featured_media":0,"parent":36,"menu_order":3,"comment_status":"closed","ping_status":"closed","template":"","meta":{"footnotes":""},"class_list":["post-3292","page","type-page","status-publish","hentry"],"_links":{"self":[{"href":"https:\/\/sjfu.fr\/intranet\/wp-json\/wp\/v2\/pages\/3292","targetHints":{"allow":["GET"]}}],"collection":[{"href":"https:\/\/sjfu.fr\/intranet\/wp-json\/wp\/v2\/pages"}],"about":[{"href":"https:\/\/sjfu.fr\/intranet\/wp-json\/wp\/v2\/types\/page"}],"author":[{"embeddable":true,"href":"https:\/\/sjfu.fr\/intranet\/wp-json\/wp\/v2\/users\/1"}],"replies":[{"embeddable":true,"href":"https:\/\/sjfu.fr\/intranet\/wp-json\/wp\/v2\/comments?post=3292"}],"version-history":[{"count":3,"href":"https:\/\/sjfu.fr\/intranet\/wp-json\/wp\/v2\/pages\/3292\/revisions"}],"predecessor-version":[{"id":3327,"href":"https:\/\/sjfu.fr\/intranet\/wp-json\/wp\/v2\/pages\/3292\/revisions\/3327"}],"up":[{"embeddable":true,"href":"https:\/\/sjfu.fr\/intranet\/wp-json\/wp\/v2\/pages\/36"}],"wp:attachment":[{"href":"https:\/\/sjfu.fr\/intranet\/wp-json\/wp\/v2\/media?parent=3292"}],"curies":[{"name":"wp","href":"https:\/\/api.w.org\/{rel}","templated":true}]}}