{"id":3313,"date":"2022-02-18T11:20:49","date_gmt":"2022-02-18T10:20:49","guid":{"rendered":"http:\/\/sjfu.fr\/intranet\/?page_id=3313"},"modified":"2023-11-14T21:57:22","modified_gmt":"2023-11-14T20:57:22","slug":"metz-2017","status":"publish","type":"page","link":"https:\/\/sjfu.fr\/intranet\/fonctionnement-des-instances\/congres\/metz-2017\/","title":{"rendered":"Metz 2017"},"content":{"rendered":"\n<figure class=\"wp-block-image size-large\"><img loading=\"lazy\" decoding=\"async\" width=\"1024\" height=\"429\" src=\"https:\/\/sjfu.fr\/intranet\/wp-content\/uploads\/2022\/02\/Congressistes-Metz.jpg\" alt=\"\" class=\"wp-image-3314\" srcset=\"https:\/\/sjfu.fr\/intranet\/wp-content\/uploads\/2022\/02\/Congressistes-Metz.jpg 1024w, https:\/\/sjfu.fr\/intranet\/wp-content\/uploads\/2022\/02\/Congressistes-Metz-300x126.jpg 300w, https:\/\/sjfu.fr\/intranet\/wp-content\/uploads\/2022\/02\/Congressistes-Metz-768x322.jpg 768w, https:\/\/sjfu.fr\/intranet\/wp-content\/uploads\/2022\/02\/Congressistes-Metz-600x251.jpg 600w\" sizes=\"auto, (max-width: 1024px) 100vw, 1024px\" \/><figcaption>Congr\u00e8s du SJF \u00e0 Metz (octobre 2021)<\/figcaption><\/figure>\n\n\n\n<p>Le congr\u00e8s du SJF s&rsquo;est tenu \u00e0 Metz en octobre 2017.<\/p>\n\n\n\n<p>Retrouvez les <a href=\"https:\/\/sjfu.fr\/index.php\/notre-syndicat\/congres\/metz-2017\/\">informations<\/a> sur le congr\u00e8s sur le site internet du SJF.<\/p>\n\n\n\n<p>Principaux rapports adopt\u00e9s lors du congr\u00e8s:<\/p>\n\n\n\n<ul class=\"wp-block-list\"><li><a href=\"http:\/\/sjfu.fr\/wp-content\/uploads\/2016\/11\/Rapport-financier-2016.pdf\">Rapport du Tr\u00e9sorier sur les comptes clos le 31 d\u00e9cembre 2016<\/a> ;<\/li><li><a href=\"http:\/\/sjfu.fr\/wp-content\/uploads\/2016\/11\/Rapport-financier-2016.pdf\">Rapport du r\u00e9viseur aux comptes<\/a> ;<\/li><li>Affectation du r\u00e9sultat ;<\/li><li>Fixation du montant des cotisations pour 2018 ;<\/li><li><a href=\"http:\/\/sjfu.fr\/wp-content\/uploads\/2016\/11\/Rapport-membres-du-CS.pdf\">Rapport des \u00e9lus au conseil sup\u00e9rieur<\/a> ;<\/li><li><a href=\"http:\/\/sjfu.fr\/wp-content\/uploads\/2016\/11\/2017-09-15-Projet-de-rapport-moral-du-pr%C3%A9sident-Metz-2016.pdf\">Rapport moral du pr\u00e9sident<\/a> ;<\/li><\/ul>\n","protected":false},"excerpt":{"rendered":"<p>Le congr\u00e8s du SJF s&rsquo;est tenu \u00e0 Metz en octobre 2017. Retrouvez les informations sur le congr\u00e8s sur le site internet du SJF. Principaux rapports adopt\u00e9s lors du congr\u00e8s: Rapport du Tr\u00e9sorier sur les comptes clos le 31 d\u00e9cembre 2016 ; Rapport du r\u00e9viseur aux comptes ; Affectation du r\u00e9sultat<a href=\"https:\/\/sjfu.fr\/intranet\/fonctionnement-des-instances\/congres\/metz-2017\/\" class=\"read-more\">Read the Rest&#8230;<\/a><\/p>\n","protected":false},"author":1,"featured_media":0,"parent":3019,"menu_order":7,"comment_status":"closed","ping_status":"closed","template":"","meta":{"footnotes":""},"class_list":["post-3313","page","type-page","status-publish","hentry"],"_links":{"self":[{"href":"https:\/\/sjfu.fr\/intranet\/wp-json\/wp\/v2\/pages\/3313","targetHints":{"allow":["GET"]}}],"collection":[{"href":"https:\/\/sjfu.fr\/intranet\/wp-json\/wp\/v2\/pages"}],"about":[{"href":"https:\/\/sjfu.fr\/intranet\/wp-json\/wp\/v2\/types\/page"}],"author":[{"embeddable":true,"href":"https:\/\/sjfu.fr\/intranet\/wp-json\/wp\/v2\/users\/1"}],"replies":[{"embeddable":true,"href":"https:\/\/sjfu.fr\/intranet\/wp-json\/wp\/v2\/comments?post=3313"}],"version-history":[{"count":1,"href":"https:\/\/sjfu.fr\/intranet\/wp-json\/wp\/v2\/pages\/3313\/revisions"}],"predecessor-version":[{"id":3315,"href":"https:\/\/sjfu.fr\/intranet\/wp-json\/wp\/v2\/pages\/3313\/revisions\/3315"}],"up":[{"embeddable":true,"href":"https:\/\/sjfu.fr\/intranet\/wp-json\/wp\/v2\/pages\/3019"}],"wp:attachment":[{"href":"https:\/\/sjfu.fr\/intranet\/wp-json\/wp\/v2\/media?parent=3313"}],"curies":[{"name":"wp","href":"https:\/\/api.w.org\/{rel}","templated":true}]}}