{"id":3319,"date":"2022-02-18T11:32:21","date_gmt":"2022-02-18T10:32:21","guid":{"rendered":"http:\/\/sjfu.fr\/intranet\/?page_id=3319"},"modified":"2022-02-18T11:32:22","modified_gmt":"2022-02-18T10:32:22","slug":"lyon-2015","status":"publish","type":"page","link":"https:\/\/sjfu.fr\/intranet\/fonctionnement-des-instances\/congres\/lyon-2015\/","title":{"rendered":"Lyon 2015"},"content":{"rendered":"\n<figure class=\"wp-block-image size-large\"><img loading=\"lazy\" decoding=\"async\" width=\"1024\" height=\"477\" src=\"https:\/\/sjfu.fr\/intranet\/wp-content\/uploads\/2015\/11\/En-t\u00eate-Bureau-1024x477.png\" alt=\"\" class=\"wp-image-248\" srcset=\"https:\/\/sjfu.fr\/intranet\/wp-content\/uploads\/2015\/11\/En-t\u00eate-Bureau-1024x477.png 1024w, https:\/\/sjfu.fr\/intranet\/wp-content\/uploads\/2015\/11\/En-t\u00eate-Bureau-300x140.png 300w\" sizes=\"auto, (max-width: 1024px) 100vw, 1024px\" \/><figcaption>Congr\u00e8s du SJF de Lyon (d\u00e9cembre 2015)<\/figcaption><\/figure>\n\n\n\n<p>Le congr\u00e8s du SJF s&rsquo;est tenu \u00e0 Lyon en d\u00e9cembre 2015.<\/p>\n\n\n\n<p>Retrouvez les <a href=\"https:\/\/sjfu.fr\/index.php\/notre-syndicat\/congres\/lyon-2015\/\">informations<\/a> sur le congr\u00e8s sur le site internet du SJF.<\/p>\n\n\n\n<p>Principaux rapports pr\u00e9sent\u00e9s et adopt\u00e9s:<\/p>\n\n\n\n<ol class=\"wp-block-list\"><li><a href=\"https:\/\/drive.google.com\/file\/d\/0BwRWtKE4DOnAQXk4WkRIeXExSms\/view?usp=sharing\" target=\"_blank\" rel=\"noreferrer noopener\">Etats<\/a> et&nbsp;<a href=\"https:\/\/drive.google.com\/file\/d\/0BwRWtKE4DOnAMUltaENxdmR5RGs\/view?usp=sharing\" target=\"_blank\" rel=\"noreferrer noopener\">Rapport<\/a> financiers 2014&nbsp;;<\/li><li><a href=\"https:\/\/drive.google.com\/file\/d\/0BwRWtKE4DOnAOW4tNzhvUHJoZDg\/view?usp=sharing\" target=\"_blank\" rel=\"noreferrer noopener\">Rapport du r\u00e9viseur aux comptes<\/a>&nbsp;;<\/li><li>Fixation du montant des cotisations 2016 ;<\/li><li>Rapport des \u00e9lus au conseil sup\u00e9rieur&nbsp;;<\/li><li><a href=\"https:\/\/drive.google.com\/file\/d\/0BwRWtKE4DOnAQkhuQXdwX3pucjQ\/view?usp=sharing\" target=\"_blank\" rel=\"noreferrer noopener\">Rapport moral du pr\u00e9sident<\/a>&nbsp;;<\/li><li>Pr\u00e9sentation des candidats \u00e0 l\u2019\u00e9lection des membres du bureau et de leurs projets&nbsp;;<\/li><\/ol>\n\n\n\n<p><\/p>\n","protected":false},"excerpt":{"rendered":"<p>Le congr\u00e8s du SJF s&rsquo;est tenu \u00e0 Lyon en d\u00e9cembre 2015. Retrouvez les informations sur le congr\u00e8s sur le site internet du SJF. Principaux rapports pr\u00e9sent\u00e9s et adopt\u00e9s: Etats et&nbsp;Rapport financiers 2014&nbsp;; Rapport du r\u00e9viseur aux comptes&nbsp;; Fixation du montant des cotisations 2016 ; Rapport des \u00e9lus au conseil sup\u00e9rieur&nbsp;;<a href=\"https:\/\/sjfu.fr\/intranet\/fonctionnement-des-instances\/congres\/lyon-2015\/\" class=\"read-more\">Read the Rest&#8230;<\/a><\/p>\n","protected":false},"author":1,"featured_media":0,"parent":3019,"menu_order":8,"comment_status":"closed","ping_status":"closed","template":"","meta":{"footnotes":""},"class_list":["post-3319","page","type-page","status-publish","hentry"],"_links":{"self":[{"href":"https:\/\/sjfu.fr\/intranet\/wp-json\/wp\/v2\/pages\/3319","targetHints":{"allow":["GET"]}}],"collection":[{"href":"https:\/\/sjfu.fr\/intranet\/wp-json\/wp\/v2\/pages"}],"about":[{"href":"https:\/\/sjfu.fr\/intranet\/wp-json\/wp\/v2\/types\/page"}],"author":[{"embeddable":true,"href":"https:\/\/sjfu.fr\/intranet\/wp-json\/wp\/v2\/users\/1"}],"replies":[{"embeddable":true,"href":"https:\/\/sjfu.fr\/intranet\/wp-json\/wp\/v2\/comments?post=3319"}],"version-history":[{"count":1,"href":"https:\/\/sjfu.fr\/intranet\/wp-json\/wp\/v2\/pages\/3319\/revisions"}],"predecessor-version":[{"id":3320,"href":"https:\/\/sjfu.fr\/intranet\/wp-json\/wp\/v2\/pages\/3319\/revisions\/3320"}],"up":[{"embeddable":true,"href":"https:\/\/sjfu.fr\/intranet\/wp-json\/wp\/v2\/pages\/3019"}],"wp:attachment":[{"href":"https:\/\/sjfu.fr\/intranet\/wp-json\/wp\/v2\/media?parent=3319"}],"curies":[{"name":"wp","href":"https:\/\/api.w.org\/{rel}","templated":true}]}}