{"id":3428,"date":"2022-09-26T14:34:40","date_gmt":"2022-09-26T13:34:40","guid":{"rendered":"http:\/\/sjfu.fr\/intranet\/?page_id=3428"},"modified":"2022-10-28T17:39:17","modified_gmt":"2022-10-28T16:39:17","slug":"agenda-social-2022","status":"publish","type":"page","link":"https:\/\/sjfu.fr\/intranet\/actions-syndicales\/agenda-social\/agenda-social-2022\/","title":{"rendered":"Agenda 2022"},"content":{"rendered":"\n<figure class=\"wp-block-image size-full\"><a href=\"https:\/\/sjfu.fr\/intranet\/wp-content\/uploads\/2018\/09\/agenda_social_rea_581_191.jpg\"><img loading=\"lazy\" decoding=\"async\" width=\"581\" height=\"191\" src=\"https:\/\/sjfu.fr\/intranet\/wp-content\/uploads\/2018\/09\/agenda_social_rea_581_191.jpg\" alt=\"\" class=\"wp-image-2429\" srcset=\"https:\/\/sjfu.fr\/intranet\/wp-content\/uploads\/2018\/09\/agenda_social_rea_581_191.jpg 581w, https:\/\/sjfu.fr\/intranet\/wp-content\/uploads\/2018\/09\/agenda_social_rea_581_191-300x99.jpg 300w\" sizes=\"auto, (max-width: 581px) 100vw, 581px\" \/><\/a><\/figure>\n\n\n\n<p>L&rsquo;ann\u00e9e 2022 a vu, tout d&rsquo;abord, la suppression des \u00e9chelons sp\u00e9ciaux dans le corps des magistrats de CRC, revendication ancienne du syndicat. Prenez connaissance du <a href=\"https:\/\/sjfu.fr\/intranet\/actions-syndicales\/statut-et-remuneration\/deroule-de-carriere\/\">message du SJF du 28 juin 2022<\/a>.<\/p>\n\n\n\n<p>Par ailleurs, dans la continuit\u00e9 de ce message, plusieurs r\u00e9unions se sont d\u00e9roul\u00e9es sur la revalorisation du r\u00e9gime indemnitaire et les questions de mobilit\u00e9. Prenez connaissance du <a href=\"https:\/\/sjfu.fr\/intranet\/actions-syndicales\/statut-et-remuneration\/concertation-sur-la-renovation-du-regime-indemnitaire\/regime-indemnitaire-mission-mobilite-9-septembre-2022\/\">communiqu\u00e9 du SJF du 9 septembre 2022<\/a> ainsi que des discussions sur la page d\u00e9di\u00e9e au <a href=\"https:\/\/sjfu.fr\/intranet\/actions-syndicales\/statut-et-remuneration\/concertation-sur-la-renovation-du-regime-indemnitaire\/\">r\u00e9gime indemnitaire<\/a>. Celui-ci a fait l&rsquo;objet d&rsquo;une revalorisation par <a href=\"https:\/\/www.legifrance.gouv.fr\/jorf\/id\/JORFTEXT000046492886\">arr\u00eat\u00e9 du 24 octobre 2022<\/a>.<\/p>\n\n\n\n<p>Des \u00e9changes ont \u00e9galement eu lieu sur l&rsquo;acc\u00e8s au r\u00e9f\u00e9rendariat (cf. <a href=\"https:\/\/sjfu.fr\/intranet\/actions-syndicales\/statut-et-remuneration\/deroule-de-carriere\/\">page d\u00e9di\u00e9e<\/a>, et notamment le <a href=\"https:\/\/drive.google.com\/file\/d\/16m3cyYGfR7UXNXVOfs_8aeYElCjfo1Wp\/view\">message du SJF du 11 octobre 2022 <\/a>adress\u00e9 aux adh\u00e9rents).<\/p>\n\n\n\n<p>Prenez connaissance du <a href=\"https:\/\/drive.google.com\/file\/d\/1ZqlIEhyzZfqXLMFUxFotL897fJXEpwCq\/view?usp=sharing\">compte-rendu de la r\u00e9union d&rsquo;agenda social du 28 octobre 2022<\/a>.<\/p>\n","protected":false},"excerpt":{"rendered":"<p>L&rsquo;ann\u00e9e 2022 a vu, tout d&rsquo;abord, la suppression des \u00e9chelons sp\u00e9ciaux dans le corps des magistrats de CRC, revendication ancienne du syndicat. Prenez connaissance du message du SJF du 28 juin 2022. Par ailleurs, dans la continuit\u00e9 de ce message, plusieurs r\u00e9unions se sont d\u00e9roul\u00e9es sur la revalorisation du r\u00e9gime<a href=\"https:\/\/sjfu.fr\/intranet\/actions-syndicales\/agenda-social\/agenda-social-2022\/\" class=\"read-more\">Read the Rest&#8230;<\/a><\/p>\n","protected":false},"author":1,"featured_media":0,"parent":548,"menu_order":6,"comment_status":"closed","ping_status":"closed","template":"","meta":{"footnotes":""},"class_list":["post-3428","page","type-page","status-publish","hentry"],"_links":{"self":[{"href":"https:\/\/sjfu.fr\/intranet\/wp-json\/wp\/v2\/pages\/3428","targetHints":{"allow":["GET"]}}],"collection":[{"href":"https:\/\/sjfu.fr\/intranet\/wp-json\/wp\/v2\/pages"}],"about":[{"href":"https:\/\/sjfu.fr\/intranet\/wp-json\/wp\/v2\/types\/page"}],"author":[{"embeddable":true,"href":"https:\/\/sjfu.fr\/intranet\/wp-json\/wp\/v2\/users\/1"}],"replies":[{"embeddable":true,"href":"https:\/\/sjfu.fr\/intranet\/wp-json\/wp\/v2\/comments?post=3428"}],"version-history":[{"count":3,"href":"https:\/\/sjfu.fr\/intranet\/wp-json\/wp\/v2\/pages\/3428\/revisions"}],"predecessor-version":[{"id":3470,"href":"https:\/\/sjfu.fr\/intranet\/wp-json\/wp\/v2\/pages\/3428\/revisions\/3470"}],"up":[{"embeddable":true,"href":"https:\/\/sjfu.fr\/intranet\/wp-json\/wp\/v2\/pages\/548"}],"wp:attachment":[{"href":"https:\/\/sjfu.fr\/intranet\/wp-json\/wp\/v2\/media?parent=3428"}],"curies":[{"name":"wp","href":"https:\/\/api.w.org\/{rel}","templated":true}]}}