{"id":3437,"date":"2022-10-02T17:14:15","date_gmt":"2022-10-02T16:14:15","guid":{"rendered":"http:\/\/sjfu.fr\/intranet\/?page_id=3437"},"modified":"2022-10-02T17:14:17","modified_gmt":"2022-10-02T16:14:17","slug":"regime-indemnitaire-communique-du-30-septembre-2022","status":"publish","type":"page","link":"https:\/\/sjfu.fr\/intranet\/actions-syndicales\/statut-et-remuneration\/concertation-sur-la-renovation-du-regime-indemnitaire\/regime-indemnitaire-communique-du-30-septembre-2022\/","title":{"rendered":"R\u00e9gime indemnitaire &#8211; communiqu\u00e9 du 30 septembre 2022"},"content":{"rendered":"\n<p>Destinataires&nbsp;: d\u00e9l\u00e9gu\u00e9s de section (\u00e0 destination de tous les adh\u00e9rents) ; membres du bureau national et \u00e9lus au conseil sup\u00e9rieur<\/p>\n\n\n\n<p>Ch\u00e8res et chers coll\u00e8gues,<\/p>\n\n\n\n<p>Lors de la r\u00e9union du bureau national mardi 27 septembre, un point a \u00e9t\u00e9 fait sur l\u2019avanc\u00e9e du dossier relatif \u00e0 la revalorisation indemnitaire des magistrats de CRTC.<\/p>\n\n\n\n<p>En d\u00e9pit de l\u2019absence de communication de l\u2019administration sur ce sujet, il a \u00e9t\u00e9 confirm\u00e9 \u00e0 la d\u00e9l\u00e9gation du SJF que <strong>l\u2019ensemble de la revalorisation des parts forfaitaire et variable du r\u00e9gime indemnitaire serait vers\u00e9e en d\u00e9cembre, avec une r\u00e9troactivit\u00e9 au 1<sup>er<\/sup> f\u00e9vrier<\/strong>.<\/p>\n\n\n\n<p>En revanche, aucune indication n\u2019ayant \u00e9t\u00e9 donn\u00e9e sur les modalit\u00e9s concr\u00e8tes d\u2019application et le lien avec la campagne d\u2019\u00e9valuation 2022, je vous incite \u00e0 la plus grande vigilance sur le sujet et <strong>appelle les d\u00e9l\u00e9gu\u00e9s locaux \u00e0 demander \u00e0 rencontrer sans d\u00e9lai leur pr\u00e9sidente ou leur pr\u00e9sident<\/strong>.<\/p>\n\n\n\n<p>Par ailleurs, l\u2019engagement du Premier pr\u00e9sident d\u2019associer les repr\u00e9sentants du corps \u00e0 l\u2019\u00e9criture de l\u2019instruction encadrant le r\u00e9gime indemnitaire a abouti \u00e0 des r\u00e9sultats d\u00e9cevants, la quasi-totalit\u00e9 de nos propositions ayant \u00e9t\u00e9 rejet\u00e9es sans explication. J\u2019ai demand\u00e9 une pr\u00e9sentation du futur dispositif lors du prochain Conseil sup\u00e9rieur, pr\u00e9vu mercredi 5 octobre.<\/p>\n\n\n\n<p>Partant de ce constat, j\u2019ai propos\u00e9 au bureau national d\u2019adopter deux motions, ce qu\u2019il a fait \u00e0 l\u2019unanimit\u00e9.<\/p>\n\n\n\n<p>La <a href=\"https:\/\/drive.google.com\/file\/d\/1Eet0VWv26hppI72koRUAE2VzqPqPpXGu\/view?usp=sharing\">premi\u00e8re, que vous trouverez en pi\u00e8ce-jointe<\/a>, fait le bilan de la n\u00e9gociation sur l\u2019instruction et appelle le prochain congr\u00e8s national du SJF \u00e0 se saisir de ce sujet.<\/p>\n\n\n\n<p>La seconde mandate l\u2019ex\u00e9cutif syndical pour contourner le refus r\u00e9p\u00e9t\u00e9 de l\u2019administration de nous communiquer des statistiques sur l\u2019utilisation de la prime de rendement et, par un moyen qui reste \u00e0 d\u00e9finir pr\u00e9cis\u00e9ment, <strong>organiser une transparence <u>anonyme<\/u> en interne<\/strong>, sur la base du volontariat.<\/p>\n\n\n\n<p><strong>Le prochain congr\u00e8s, qui se d\u00e9roulera les 24 et 25 novembre \u00e0 Paris, doit permettre de faire un bilan sans concession des r\u00e9formes men\u00e9es les deux derni\u00e8res ann\u00e9es et de r\u00e9fl\u00e9chir \u00e0 la place des CRTC et de leurs magistrats dans le paysage institutionnel<\/strong>.<\/p>\n\n\n\n<p>Je rappelle qu\u2019\u00e0 cette occasion, une \u00e9lection partielle sera organis\u00e9e pour remplacer, pour la derni\u00e8re ann\u00e9e de mandat, les membres du bureau partis en mobilit\u00e9 ou au parquet. Un appel \u00e0 candidatures sera prochainement lanc\u00e9 mais sans attendre, j\u2019invite les coll\u00e8gues int\u00e9ress\u00e9s \u00e0 contacter un membre du bureau.<\/p>\n\n\n\n<p>Enfin, je vous communique une motion de la section \u00cele-de-France relative \u00e0 la situation de la CRC, qui fait l\u2019objet d\u2019un suivi actif par l\u2019ex\u00e9cutif syndical.<\/p>\n\n\n\n<p>Le bureau et vos d\u00e9l\u00e9gu\u00e9s de section restent \u00e0 votre disposition pour r\u00e9pondre \u00e0 vos questions et vous accompagner.<\/p>\n\n\n\n<p>Bien \u00e0 vous tous,<\/p>\n\n\n\n<p><strong>Pierre Gen\u00e8ve<\/strong><\/p>\n\n\n\n<p>Pr\u00e9sident du Syndicat des juridictions financi\u00e8res &#8211; Membre du conseil sup\u00e9rieur des chambres r\u00e9gionales des comptes<\/p>\n","protected":false},"excerpt":{"rendered":"<p>Destinataires&nbsp;: d\u00e9l\u00e9gu\u00e9s de section (\u00e0 destination de tous les adh\u00e9rents) ; membres du bureau national et \u00e9lus au conseil sup\u00e9rieur Ch\u00e8res et chers coll\u00e8gues, Lors de la r\u00e9union du bureau national mardi 27 septembre, un point a \u00e9t\u00e9 fait sur l\u2019avanc\u00e9e du dossier relatif \u00e0 la revalorisation indemnitaire des magistrats<a href=\"https:\/\/sjfu.fr\/intranet\/actions-syndicales\/statut-et-remuneration\/concertation-sur-la-renovation-du-regime-indemnitaire\/regime-indemnitaire-communique-du-30-septembre-2022\/\" class=\"read-more\">Read the Rest&#8230;<\/a><\/p>\n","protected":false},"author":1,"featured_media":0,"parent":38,"menu_order":8,"comment_status":"closed","ping_status":"closed","template":"","meta":{"footnotes":""},"class_list":["post-3437","page","type-page","status-publish","hentry"],"_links":{"self":[{"href":"https:\/\/sjfu.fr\/intranet\/wp-json\/wp\/v2\/pages\/3437","targetHints":{"allow":["GET"]}}],"collection":[{"href":"https:\/\/sjfu.fr\/intranet\/wp-json\/wp\/v2\/pages"}],"about":[{"href":"https:\/\/sjfu.fr\/intranet\/wp-json\/wp\/v2\/types\/page"}],"author":[{"embeddable":true,"href":"https:\/\/sjfu.fr\/intranet\/wp-json\/wp\/v2\/users\/1"}],"replies":[{"embeddable":true,"href":"https:\/\/sjfu.fr\/intranet\/wp-json\/wp\/v2\/comments?post=3437"}],"version-history":[{"count":1,"href":"https:\/\/sjfu.fr\/intranet\/wp-json\/wp\/v2\/pages\/3437\/revisions"}],"predecessor-version":[{"id":3438,"href":"https:\/\/sjfu.fr\/intranet\/wp-json\/wp\/v2\/pages\/3437\/revisions\/3438"}],"up":[{"embeddable":true,"href":"https:\/\/sjfu.fr\/intranet\/wp-json\/wp\/v2\/pages\/38"}],"wp:attachment":[{"href":"https:\/\/sjfu.fr\/intranet\/wp-json\/wp\/v2\/media?parent=3437"}],"curies":[{"name":"wp","href":"https:\/\/api.w.org\/{rel}","templated":true}]}}