{"id":3458,"date":"2022-10-20T15:23:36","date_gmt":"2022-10-20T14:23:36","guid":{"rendered":"http:\/\/sjfu.fr\/intranet\/?page_id=3458"},"modified":"2023-11-14T21:54:47","modified_gmt":"2023-11-14T20:54:47","slug":"congres-de-paris-2022","status":"publish","type":"page","link":"https:\/\/sjfu.fr\/intranet\/fonctionnement-des-instances\/congres\/congres-de-paris-2022\/","title":{"rendered":"CONGRES 2022 (PARIS)"},"content":{"rendered":"\n<p class=\"has-medium-font-size\">Retrouvez les informations relatives au Congr\u00e8s du SJF des 24 et 25 novembre 2022 \u00e0 Paris directement sur la <strong><a href=\"https:\/\/sjfu.fr\/index.php\/notre-syndicat\/congres\/paris-2022\/\">page d\u00e9di\u00e9e du site internet du syndicat<\/a> <\/strong>!<\/p>\n\n\n\n<p class=\"has-medium-font-size\">Prenez connaissance du <strong><a href=\"https:\/\/drive.google.com\/file\/d\/1WDFEQ50VQ9XLTntsT9nDiuAGbeNm7W5F\/view?usp=sharing\">message du pr\u00e9sident du SJF<\/a><\/strong> envoy\u00e9 aux adh\u00e9rents et aux magistrats de CRTC (20 octobre 2022).<\/p>\n\n\n\n<p>Le congr\u00e8s a fait l&rsquo;objet d&rsquo;une grosse pr\u00e9paration en amont !<\/p>\n\n\n\n<figure class=\"wp-block-image size-large\"><a href=\"https:\/\/sjfu.fr\/intranet\/wp-content\/uploads\/2022\/11\/Congres-Paris-0.jpg\"><img loading=\"lazy\" decoding=\"async\" width=\"768\" height=\"1024\" src=\"https:\/\/sjfu.fr\/intranet\/wp-content\/uploads\/2022\/11\/Congres-Paris-0-768x1024.jpg\" alt=\"\" class=\"wp-image-3485\" srcset=\"https:\/\/sjfu.fr\/intranet\/wp-content\/uploads\/2022\/11\/Congres-Paris-0-768x1024.jpg 768w, https:\/\/sjfu.fr\/intranet\/wp-content\/uploads\/2022\/11\/Congres-Paris-0-225x300.jpg 225w, https:\/\/sjfu.fr\/intranet\/wp-content\/uploads\/2022\/11\/Congres-Paris-0-600x800.jpg 600w, https:\/\/sjfu.fr\/intranet\/wp-content\/uploads\/2022\/11\/Congres-Paris-0-300x400.jpg 300w, https:\/\/sjfu.fr\/intranet\/wp-content\/uploads\/2022\/11\/Congres-Paris-0.jpg 960w\" sizes=\"auto, (max-width: 768px) 100vw, 768px\" \/><\/a><\/figure>\n\n\n\n<p>Les congressistes sont arriv\u00e9s progressivement \u00e0 partir de 13h30 (accueil caf\u00e9) :<\/p>\n\n\n\n<figure class=\"wp-block-image size-large\"><a href=\"https:\/\/sjfu.fr\/intranet\/wp-content\/uploads\/2022\/11\/Congres-Paris-2.jpg\"><img loading=\"lazy\" decoding=\"async\" width=\"1024\" height=\"768\" src=\"https:\/\/sjfu.fr\/intranet\/wp-content\/uploads\/2022\/11\/Congres-Paris-2-1024x768.jpg\" alt=\"\" class=\"wp-image-3487\" srcset=\"https:\/\/sjfu.fr\/intranet\/wp-content\/uploads\/2022\/11\/Congres-Paris-2-1024x768.jpg 1024w, https:\/\/sjfu.fr\/intranet\/wp-content\/uploads\/2022\/11\/Congres-Paris-2-300x225.jpg 300w, https:\/\/sjfu.fr\/intranet\/wp-content\/uploads\/2022\/11\/Congres-Paris-2-768x576.jpg 768w, https:\/\/sjfu.fr\/intranet\/wp-content\/uploads\/2022\/11\/Congres-Paris-2-600x450.jpg 600w, https:\/\/sjfu.fr\/intranet\/wp-content\/uploads\/2022\/11\/Congres-Paris-2.jpg 1280w\" sizes=\"auto, (max-width: 1024px) 100vw, 1024px\" \/><\/a><\/figure>\n\n\n\n<figure class=\"wp-block-image size-large\"><a href=\"https:\/\/sjfu.fr\/intranet\/wp-content\/uploads\/2022\/11\/Congres-Paris-3-rotated.jpg\"><img loading=\"lazy\" decoding=\"async\" width=\"768\" height=\"1024\" src=\"https:\/\/sjfu.fr\/intranet\/wp-content\/uploads\/2022\/11\/Congres-Paris-3-768x1024.jpg\" alt=\"\" class=\"wp-image-3488\" srcset=\"https:\/\/sjfu.fr\/intranet\/wp-content\/uploads\/2022\/11\/Congres-Paris-3-768x1024.jpg 768w, https:\/\/sjfu.fr\/intranet\/wp-content\/uploads\/2022\/11\/Congres-Paris-3-225x300.jpg 225w, https:\/\/sjfu.fr\/intranet\/wp-content\/uploads\/2022\/11\/Congres-Paris-3-600x800.jpg 600w, https:\/\/sjfu.fr\/intranet\/wp-content\/uploads\/2022\/11\/Congres-Paris-3-300x400.jpg 300w, https:\/\/sjfu.fr\/intranet\/wp-content\/uploads\/2022\/11\/Congres-Paris-3-rotated.jpg 960w\" sizes=\"auto, (max-width: 768px) 100vw, 768px\" \/><\/a><\/figure>\n\n\n\n<p>Le congr\u00e8s a \u00e9t\u00e9 ouvert \u00e0 14h par le pr\u00e9sident du SJF, Pierre Gen\u00e8ve :<\/p>\n\n\n\n<figure class=\"wp-block-image size-large\"><a href=\"https:\/\/sjfu.fr\/intranet\/wp-content\/uploads\/2022\/11\/Congres-Paris-26-rotated.jpg\"><img loading=\"lazy\" decoding=\"async\" width=\"768\" height=\"1024\" src=\"https:\/\/sjfu.fr\/intranet\/wp-content\/uploads\/2022\/11\/Congres-Paris-26-768x1024.jpg\" alt=\"\" class=\"wp-image-3511\" srcset=\"https:\/\/sjfu.fr\/intranet\/wp-content\/uploads\/2022\/11\/Congres-Paris-26-768x1024.jpg 768w, https:\/\/sjfu.fr\/intranet\/wp-content\/uploads\/2022\/11\/Congres-Paris-26-225x300.jpg 225w, https:\/\/sjfu.fr\/intranet\/wp-content\/uploads\/2022\/11\/Congres-Paris-26-600x800.jpg 600w, https:\/\/sjfu.fr\/intranet\/wp-content\/uploads\/2022\/11\/Congres-Paris-26-1152x1536.jpg 1152w, https:\/\/sjfu.fr\/intranet\/wp-content\/uploads\/2022\/11\/Congres-Paris-26-300x400.jpg 300w, https:\/\/sjfu.fr\/intranet\/wp-content\/uploads\/2022\/11\/Congres-Paris-26-1320x1760.jpg 1320w, https:\/\/sjfu.fr\/intranet\/wp-content\/uploads\/2022\/11\/Congres-Paris-26-rotated.jpg 1512w\" sizes=\"auto, (max-width: 768px) 100vw, 768px\" \/><\/a><\/figure>\n\n\n\n<p>La table ronde 1, anim\u00e9e par S\u00e9bastien Cecchi (Vice-pr\u00e9sident du SJF), a port\u00e9 sur \u00ab\u00a0La place des corps juridictionnels dans la haute fonction publique\u00a0\u00bb, avec Emmanuel Lafor\u00eat (Pr\u00e9sident de l&rsquo;Union Syndicale des Magistrats Administratifs), Maguy Fullana (Pr\u00e9sidente du Syndicat de la Juridiction Administrative), Olivier Pluen (Ma\u00eetre de conf\u00e9rence en droit public), et Laurent Catinaud (SJF).<\/p>\n\n\n\n<p>La table ronde 2,  anim\u00e9e par Louis-Damien Fruchaud (Secr\u00e9taire g\u00e9n\u00e9ral du SJF), a port\u00e9 sur \u00ab\u00a0La gouvernance et le pilotage de la Cour et des CRTC apr\u00e8s les r\u00e9formes r\u00e9centes\u00a0\u00bb, avec Catherine Hirsch (Procureure g\u00e9n\u00e9rale honoraire), Philippe-Pierre Cabourdin (Pr\u00e9sident de l&rsquo;Association des magistrats de la Cour des comptes), et Pierre Gen\u00e8ve (Pr\u00e9sident du SJF).<\/p>\n\n\n\n<p>\u00c9taient \u00e9galement pr\u00e9sents Ludovic Friat, pr\u00e9sident de l&rsquo;Union Syndicale des Magistrats, et Jean-Pascal Lanuit, pr\u00e9sident de l&rsquo;Union Syndicale des Administrateurs Civils.<\/p>\n\n\n\n<figure class=\"wp-block-image size-large\"><a href=\"https:\/\/sjfu.fr\/intranet\/wp-content\/uploads\/2022\/11\/Congres-Paris-11.jpg\"><img loading=\"lazy\" decoding=\"async\" width=\"1024\" height=\"768\" src=\"https:\/\/sjfu.fr\/intranet\/wp-content\/uploads\/2022\/11\/Congres-Paris-11-1024x768.jpg\" alt=\"\" class=\"wp-image-3496\" srcset=\"https:\/\/sjfu.fr\/intranet\/wp-content\/uploads\/2022\/11\/Congres-Paris-11-1024x768.jpg 1024w, https:\/\/sjfu.fr\/intranet\/wp-content\/uploads\/2022\/11\/Congres-Paris-11-300x225.jpg 300w, https:\/\/sjfu.fr\/intranet\/wp-content\/uploads\/2022\/11\/Congres-Paris-11-768x576.jpg 768w, https:\/\/sjfu.fr\/intranet\/wp-content\/uploads\/2022\/11\/Congres-Paris-11-600x450.jpg 600w, https:\/\/sjfu.fr\/intranet\/wp-content\/uploads\/2022\/11\/Congres-Paris-11-1536x1152.jpg 1536w, https:\/\/sjfu.fr\/intranet\/wp-content\/uploads\/2022\/11\/Congres-Paris-11-1320x990.jpg 1320w, https:\/\/sjfu.fr\/intranet\/wp-content\/uploads\/2022\/11\/Congres-Paris-11.jpg 1600w\" sizes=\"auto, (max-width: 1024px) 100vw, 1024px\" \/><\/a><\/figure>\n\n\n\n<p>La premi\u00e8re journ\u00e9e du congr\u00e8s s&rsquo;est achev\u00e9e par les interventions de :<\/p>\n\n\n\n<ul class=\"wp-block-list\">\n<li>Jean-Yves Bertucci, pr\u00e9sident de la 7\u00e8me chambre de la Cour des comptes;<\/li>\n\n\n\n<li>et de Louis Gautier, Procureur g\u00e9n\u00e9ral pr\u00e8s la Cour des comptes (<a href=\"https:\/\/drive.google.com\/file\/d\/1a3ALuynZ1-tv-uwOvQngsw7Safy95Sjt\/view?usp=sharing\">retrouvez son discours ici<\/a>).<\/li>\n<\/ul>\n\n\n\n<figure class=\"wp-block-image size-large\"><a href=\"https:\/\/sjfu.fr\/intranet\/wp-content\/uploads\/2022\/11\/Congres-Paris-13.jpg\"><img loading=\"lazy\" decoding=\"async\" width=\"1024\" height=\"768\" src=\"https:\/\/sjfu.fr\/intranet\/wp-content\/uploads\/2022\/11\/Congres-Paris-13-1024x768.jpg\" alt=\"\" class=\"wp-image-3498\" srcset=\"https:\/\/sjfu.fr\/intranet\/wp-content\/uploads\/2022\/11\/Congres-Paris-13-1024x768.jpg 1024w, https:\/\/sjfu.fr\/intranet\/wp-content\/uploads\/2022\/11\/Congres-Paris-13-300x225.jpg 300w, https:\/\/sjfu.fr\/intranet\/wp-content\/uploads\/2022\/11\/Congres-Paris-13-768x576.jpg 768w, https:\/\/sjfu.fr\/intranet\/wp-content\/uploads\/2022\/11\/Congres-Paris-13-600x450.jpg 600w, https:\/\/sjfu.fr\/intranet\/wp-content\/uploads\/2022\/11\/Congres-Paris-13-1536x1152.jpg 1536w, https:\/\/sjfu.fr\/intranet\/wp-content\/uploads\/2022\/11\/Congres-Paris-13-1320x990.jpg 1320w, https:\/\/sjfu.fr\/intranet\/wp-content\/uploads\/2022\/11\/Congres-Paris-13.jpg 1600w\" sizes=\"auto, (max-width: 1024px) 100vw, 1024px\" \/><\/a><\/figure>\n\n\n\n<p>Une quarantaine de congressistes ont eu l&rsquo;occasion de d\u00eener ensemble dans un restaurant parisien.<\/p>\n\n\n\n<p>Apr\u00e8s un petit d\u00e9jeuner \u00e0 l&rsquo;ASIEM, la seconde journ\u00e9e du congr\u00e8s a \u00e9t\u00e9 ouverte en assembl\u00e9e g\u00e9n\u00e9rale du SJF. Diff\u00e9rents rapports ont \u00e9t\u00e9 pr\u00e9sent\u00e9s, dont les trois premiers ont l&rsquo;objet d&rsquo;une approbation par l&rsquo;assembl\u00e9e g\u00e9n\u00e9rale (cf. <a href=\"https:\/\/drive.google.com\/file\/d\/1VRWj-CcxRzgCpqCryuPK6IxMtp7k9aTg\/view?usp=sharing\">comptes rendus des votes<\/a>) :<\/p>\n\n\n\n<p><a href=\"https:\/\/drive.google.com\/file\/d\/1lTxwQEmkX1NZ50fnPI03o4LqUo1chY1Q\/view?usp=sharing\"><strong>Rapport moral <\/strong><\/a>2022 du pr\u00e9sident<\/p>\n\n\n\n<p><a href=\"https:\/\/drive.google.com\/file\/d\/1EdBtm6F_qTfIu9wnhdmQWEZ-CNLvWaNs\/view?usp=sharing\"><strong>Rapport financier<\/strong><\/a> de la tr\u00e9sori\u00e8re (comptes 2021)<\/p>\n\n\n\n<p><a href=\"https:\/\/drive.google.com\/file\/d\/1p_9JhqbTINEPVB8GHt3DnFf-JsvLbSnu\/view?usp=sharing\"><strong>Rapport sur le montant des cotisations<\/strong><\/a><\/p>\n\n\n\n<p><a href=\"https:\/\/drive.google.com\/file\/d\/16MLFAcf_NbC333QKYea2WBRqk1UQGkE3\/view?usp=sharing\"><strong>Rapport de la r\u00e9viseure aux comptes<\/strong><\/a><\/p>\n\n\n\n<p><a href=\"https:\/\/drive.google.com\/file\/d\/1dE_3H772yZMcJBzn4P2fA4eOxobOtuk1\/view?usp=sharing\"><strong>Rapport des \u00e9lus au Conseil sup\u00e9rieur<\/strong><\/a><\/p>\n\n\n\n<p>De nouveaux membres ont \u00e9t\u00e9 \u00e9lus au bureau national du SJF :<\/p>\n\n\n\n<figure class=\"wp-block-image size-large\"><a href=\"https:\/\/sjfu.fr\/intranet\/wp-content\/uploads\/2022\/11\/Congres-Paris-21.jpg\"><img loading=\"lazy\" decoding=\"async\" width=\"1024\" height=\"768\" src=\"https:\/\/sjfu.fr\/intranet\/wp-content\/uploads\/2022\/11\/Congres-Paris-21-1024x768.jpg\" alt=\"\" class=\"wp-image-3506\" srcset=\"https:\/\/sjfu.fr\/intranet\/wp-content\/uploads\/2022\/11\/Congres-Paris-21-1024x768.jpg 1024w, https:\/\/sjfu.fr\/intranet\/wp-content\/uploads\/2022\/11\/Congres-Paris-21-300x225.jpg 300w, https:\/\/sjfu.fr\/intranet\/wp-content\/uploads\/2022\/11\/Congres-Paris-21-768x576.jpg 768w, https:\/\/sjfu.fr\/intranet\/wp-content\/uploads\/2022\/11\/Congres-Paris-21-600x450.jpg 600w, https:\/\/sjfu.fr\/intranet\/wp-content\/uploads\/2022\/11\/Congres-Paris-21-1536x1152.jpg 1536w, https:\/\/sjfu.fr\/intranet\/wp-content\/uploads\/2022\/11\/Congres-Paris-21-1320x990.jpg 1320w, https:\/\/sjfu.fr\/intranet\/wp-content\/uploads\/2022\/11\/Congres-Paris-21.jpg 1600w\" sizes=\"auto, (max-width: 1024px) 100vw, 1024px\" \/><\/a><\/figure>\n\n\n\n<p>La matin\u00e9e s&rsquo;est achev\u00e9e par une intervention du Premier pr\u00e9sident de la Cour des comptes, Pierre Moscovici :<\/p>\n\n\n\n<figure class=\"wp-block-image size-large\"><a href=\"https:\/\/sjfu.fr\/intranet\/wp-content\/uploads\/2022\/11\/Congres-Paris-20.jpg\"><img loading=\"lazy\" decoding=\"async\" width=\"1024\" height=\"768\" src=\"https:\/\/sjfu.fr\/intranet\/wp-content\/uploads\/2022\/11\/Congres-Paris-20-1024x768.jpg\" alt=\"\" class=\"wp-image-3505\" srcset=\"https:\/\/sjfu.fr\/intranet\/wp-content\/uploads\/2022\/11\/Congres-Paris-20-1024x768.jpg 1024w, https:\/\/sjfu.fr\/intranet\/wp-content\/uploads\/2022\/11\/Congres-Paris-20-300x225.jpg 300w, https:\/\/sjfu.fr\/intranet\/wp-content\/uploads\/2022\/11\/Congres-Paris-20-768x576.jpg 768w, https:\/\/sjfu.fr\/intranet\/wp-content\/uploads\/2022\/11\/Congres-Paris-20-600x450.jpg 600w, https:\/\/sjfu.fr\/intranet\/wp-content\/uploads\/2022\/11\/Congres-Paris-20-1536x1152.jpg 1536w, https:\/\/sjfu.fr\/intranet\/wp-content\/uploads\/2022\/11\/Congres-Paris-20-1320x990.jpg 1320w, https:\/\/sjfu.fr\/intranet\/wp-content\/uploads\/2022\/11\/Congres-Paris-20.jpg 1600w\" sizes=\"auto, (max-width: 1024px) 100vw, 1024px\" \/><\/a><\/figure>\n\n\n\n<p>Apr\u00e8s un cocktail d\u00e9jeunatoire sur place, le congr\u00e8s a tenu son d\u00e9bat d&rsquo;orientation syndicale et a adopt\u00e9 des <a href=\"https:\/\/drive.google.com\/file\/d\/1KED6nRfUgv5gvGMA0hxK8AyUnHnxfDIM\/view?usp=sharing\">motions<\/a> sur 3 sujets : <\/p>\n\n\n\n<ul class=\"wp-block-list\">\n<li>Le r\u00e9gime indemnitaire avec une demande de passage au RIFSEEP.<\/li>\n\n\n\n<li>Les grilles indiciaires avec une demande d&rsquo;alignement de la grille indiciaire des magistrats de CRTC avec celle des administrateurs de l\u2019Etat.<\/li>\n\n\n\n<li>Les indicateurs de performance des juridictions financi\u00e8res pour formuler, lors de l\u2019\u00e9laboration de la loi de finances initiale pour 2024, des propositions pour am\u00e9liorer les indicateurs de performance associ\u00e9s aux objectifs pr\u00e9vus au projet annuel de performance.<\/li>\n<\/ul>\n\n\n\n<p>Le congr\u00e8s a \u00e9t\u00e9 cl\u00f4tur\u00e9 \u00e0 16h par le pr\u00e9sident du SJF.<\/p>\n","protected":false},"excerpt":{"rendered":"<p>Retrouvez les informations relatives au Congr\u00e8s du SJF des 24 et 25 novembre 2022 \u00e0 Paris directement sur la page d\u00e9di\u00e9e du site internet du syndicat ! Prenez connaissance du message du pr\u00e9sident du SJF envoy\u00e9 aux adh\u00e9rents et aux magistrats de CRTC (20 octobre 2022). Le congr\u00e8s a fait<a href=\"https:\/\/sjfu.fr\/intranet\/fonctionnement-des-instances\/congres\/congres-de-paris-2022\/\" class=\"read-more\">Read the Rest&#8230;<\/a><\/p>\n","protected":false},"author":1,"featured_media":0,"parent":3019,"menu_order":1,"comment_status":"closed","ping_status":"closed","template":"","meta":{"footnotes":""},"class_list":["post-3458","page","type-page","status-publish","hentry"],"_links":{"self":[{"href":"https:\/\/sjfu.fr\/intranet\/wp-json\/wp\/v2\/pages\/3458","targetHints":{"allow":["GET"]}}],"collection":[{"href":"https:\/\/sjfu.fr\/intranet\/wp-json\/wp\/v2\/pages"}],"about":[{"href":"https:\/\/sjfu.fr\/intranet\/wp-json\/wp\/v2\/types\/page"}],"author":[{"embeddable":true,"href":"https:\/\/sjfu.fr\/intranet\/wp-json\/wp\/v2\/users\/1"}],"replies":[{"embeddable":true,"href":"https:\/\/sjfu.fr\/intranet\/wp-json\/wp\/v2\/comments?post=3458"}],"version-history":[{"count":9,"href":"https:\/\/sjfu.fr\/intranet\/wp-json\/wp\/v2\/pages\/3458\/revisions"}],"predecessor-version":[{"id":3522,"href":"https:\/\/sjfu.fr\/intranet\/wp-json\/wp\/v2\/pages\/3458\/revisions\/3522"}],"up":[{"embeddable":true,"href":"https:\/\/sjfu.fr\/intranet\/wp-json\/wp\/v2\/pages\/3019"}],"wp:attachment":[{"href":"https:\/\/sjfu.fr\/intranet\/wp-json\/wp\/v2\/media?parent=3458"}],"curies":[{"name":"wp","href":"https:\/\/api.w.org\/{rel}","templated":true}]}}