{"id":3543,"date":"2023-03-01T20:15:14","date_gmt":"2023-03-01T19:15:14","guid":{"rendered":"https:\/\/sjfu.fr\/intranet\/?page_id=3543"},"modified":"2023-04-25T12:27:24","modified_gmt":"2023-04-25T11:27:24","slug":"agenda-2023","status":"publish","type":"page","link":"https:\/\/sjfu.fr\/intranet\/actions-syndicales\/agenda-social\/agenda-2023\/","title":{"rendered":"Agenda 2023"},"content":{"rendered":"\n<figure class=\"wp-block-image size-full\"><a href=\"https:\/\/sjfu.fr\/intranet\/wp-content\/uploads\/2018\/09\/agenda_social_rea_581_191.jpg\"><img loading=\"lazy\" decoding=\"async\" width=\"581\" height=\"191\" src=\"https:\/\/sjfu.fr\/intranet\/wp-content\/uploads\/2018\/09\/agenda_social_rea_581_191.jpg\" alt=\"\" class=\"wp-image-2429\" srcset=\"https:\/\/sjfu.fr\/intranet\/wp-content\/uploads\/2018\/09\/agenda_social_rea_581_191.jpg 581w, https:\/\/sjfu.fr\/intranet\/wp-content\/uploads\/2018\/09\/agenda_social_rea_581_191-300x99.jpg 300w\" sizes=\"auto, (max-width: 581px) 100vw, 581px\" \/><\/a><\/figure>\n\n\n\n<p>Une r\u00e9union d&rsquo;agenda social s&rsquo;est tenue le 24 f\u00e9vrier 2023 qui a port\u00e9, notamment, sur la \u00ab\u00a0mission attractivit\u00e9\u00a0\u00bb (situation des d\u00e9tach\u00e9s, incompatibilit\u00e9s, obligation de r\u00e9sidence, promotions) et la grille indiciaire du corps des magistrats de CRC. Prenez connaissance :<\/p>\n\n\n\n<ul class=\"wp-block-list\">\n<li>du <a href=\"https:\/\/drive.google.com\/file\/d\/1GeejYBV4vPRyLjmTEoF3pQ7V_l8DeiWo\/view?usp=sharing\">compte-rendu<\/a> de la r\u00e9union;<\/li>\n\n\n\n<li>d&rsquo;une <a href=\"https:\/\/drive.google.com\/file\/d\/17sOqC5lP6Otc0vAGKHnuG7VEXpRNIMd4\/view?usp=sharing\">note<\/a> expliquant la r\u00e9forme du corps des administrateurs de l\u2019Etat et les enjeux de sa transposition pour les magistrats de CRC;<\/li>\n\n\n\n<li>de la <a href=\"https:\/\/drive.google.com\/file\/d\/1qfDY6m8sqr9COtBSY3XXSkWvj8zqtgrP\/view?usp=sharing\">note<\/a> du bureau sur l&rsquo;attractivit\u00e9 du corps;<\/li>\n\n\n\n<li>d&rsquo;un <a href=\"https:\/\/drive.google.com\/file\/d\/1kCSVoohvUWJLKILrVPiLstyBYIRshf6D\/view?usp=sharing\">projet de position syndicale<\/a> sur le sujet, \u00e0 d\u00e9battre au sein des sections.<\/li>\n<\/ul>\n\n\n\n<p>Une r\u00e9union d&rsquo;agenda social s&rsquo;est tenue en visio-conf\u00e9rence le 19 avril 2023, qui a \u00e9voqu\u00e9 le plan d&rsquo;actions QVT, le rejet du recours du SJF sur le d\u00e9cret excluant les magistrats de CRTC de la possibilit\u00e9 d&rsquo;acc\u00e8s \u00e0 l&rsquo;auditorat, le chantier des r\u00e9mun\u00e9rations, et le dossier de la protection sociale compl\u00e9mentaire. Prenez connaissance du <a href=\"https:\/\/drive.google.com\/file\/d\/11dlm_K64bUulyw35Dnqk7rPNOol_jG0D\/view?usp=sharing\">compte-rendu<\/a> de la r\u00e9union.<\/p>\n","protected":false},"excerpt":{"rendered":"<p>Une r\u00e9union d&rsquo;agenda social s&rsquo;est tenue le 24 f\u00e9vrier 2023 qui a port\u00e9, notamment, sur la \u00ab\u00a0mission attractivit\u00e9\u00a0\u00bb (situation des d\u00e9tach\u00e9s, incompatibilit\u00e9s, obligation de r\u00e9sidence, promotions) et la grille indiciaire du corps des magistrats de CRC. Prenez connaissance : Une r\u00e9union d&rsquo;agenda social s&rsquo;est tenue en visio-conf\u00e9rence le 19 avril<a href=\"https:\/\/sjfu.fr\/intranet\/actions-syndicales\/agenda-social\/agenda-2023\/\" class=\"read-more\">Read the Rest&#8230;<\/a><\/p>\n","protected":false},"author":1,"featured_media":0,"parent":548,"menu_order":7,"comment_status":"closed","ping_status":"closed","template":"","meta":{"footnotes":""},"class_list":["post-3543","page","type-page","status-publish","hentry"],"_links":{"self":[{"href":"https:\/\/sjfu.fr\/intranet\/wp-json\/wp\/v2\/pages\/3543","targetHints":{"allow":["GET"]}}],"collection":[{"href":"https:\/\/sjfu.fr\/intranet\/wp-json\/wp\/v2\/pages"}],"about":[{"href":"https:\/\/sjfu.fr\/intranet\/wp-json\/wp\/v2\/types\/page"}],"author":[{"embeddable":true,"href":"https:\/\/sjfu.fr\/intranet\/wp-json\/wp\/v2\/users\/1"}],"replies":[{"embeddable":true,"href":"https:\/\/sjfu.fr\/intranet\/wp-json\/wp\/v2\/comments?post=3543"}],"version-history":[{"count":4,"href":"https:\/\/sjfu.fr\/intranet\/wp-json\/wp\/v2\/pages\/3543\/revisions"}],"predecessor-version":[{"id":3567,"href":"https:\/\/sjfu.fr\/intranet\/wp-json\/wp\/v2\/pages\/3543\/revisions\/3567"}],"up":[{"embeddable":true,"href":"https:\/\/sjfu.fr\/intranet\/wp-json\/wp\/v2\/pages\/548"}],"wp:attachment":[{"href":"https:\/\/sjfu.fr\/intranet\/wp-json\/wp\/v2\/media?parent=3543"}],"curies":[{"name":"wp","href":"https:\/\/api.w.org\/{rel}","templated":true}]}}