{"id":3637,"date":"2023-11-14T21:54:16","date_gmt":"2023-11-14T20:54:16","guid":{"rendered":"https:\/\/sjfu.fr\/intranet\/?page_id=3637"},"modified":"2023-11-30T13:55:40","modified_gmt":"2023-11-30T12:55:40","slug":"congres-de-metz-2023","status":"publish","type":"page","link":"https:\/\/sjfu.fr\/intranet\/fonctionnement-des-instances\/congres\/congres-de-metz-2023\/","title":{"rendered":"Congr\u00e8s de Metz (2023)"},"content":{"rendered":"\n<p>Le 26\u00e8me congr\u00e8s du SJF s&rsquo;est tenu \u00e0 Metz, les 16 et 17 novembre 2023.<\/p>\n\n\n\n<p>Retrouvez la page d\u00e9di\u00e9e au congr\u00e8s sur le <a href=\"https:\/\/sjfu.fr\/index.php\/notre-syndicat\/congres\/congres-2023\/\">site internet du SJF<\/a>.<\/p>\n\n\n\n<p>Lors congr\u00e8s, les rapports statutaires suivants sont \u00e9t\u00e9 adopt\u00e9s :<\/p>\n\n\n\n<ul class=\"wp-block-list\">\n<li><a href=\"https:\/\/drive.google.com\/file\/d\/18eiRovTk1lafmt0lFu-ZnpWdqMPt_QsN\/view?usp=sharing\">Rapport moral<\/a> du pr\u00e9sident 2023<\/li>\n\n\n\n<li><a href=\"https:\/\/drive.google.com\/file\/d\/1CcmKpd_cItE5aBaR4Xj8MRKhllFKteZT\/view?usp=sharing\">Rapport financier<\/a> et r<a href=\"https:\/\/drive.google.com\/file\/d\/1YDbmIt1qoPu9ENNOFDCgkhYA_XjOHMaZ\/view?usp=sharing\">apport sur les cotisations<\/a> du tr\u00e9sorier<\/li>\n\n\n\n<li><a href=\"https:\/\/drive.google.com\/file\/d\/1h06bafnGy3k0ygYZPr-STP-Ldk-tgNC3\/view?usp=sharing\">Rapport du r\u00e9viseur aux comptes<\/a><\/li>\n\n\n\n<li><a href=\"https:\/\/drive.google.com\/file\/d\/1WB03MfBRCzH7cPAsUPkjAmQNU0LkD41T\/view?usp=sharing\">Rapport des \u00e9lus au Conseil Sup\u00e9rieur<\/a><\/li>\n<\/ul>\n\n\n\n<p>Les <a href=\"https:\/\/drive.google.com\/file\/d\/1PUR0oXZIw8zFqP0N9ztZc27ukg_C6nG3\/view?usp=sharing\">travaux <\/a>du groupe de travail \u00ab\u00a0Rifseep\u00a0\u00bb ont \u00e9galement \u00e9t\u00e9 pr\u00e9sent\u00e9s.<\/p>\n\n\n\n<p>Le congr\u00e8s a permis de modifier les <a href=\"https:\/\/drive.google.com\/file\/d\/171wpA08oZle0gAGKYb9-L9wYBf-dkB7_\/view?usp=sharing\">statuts et le r\u00e8glement int\u00e9rieur du syndicat<\/a>. En particulier, la dur\u00e9e du mandat du bureau et de son pr\u00e9sident a \u00e9t\u00e9 port\u00e9e \u00e0 trois ans, contre deux auparavant, afin de l\u2019aligner sur celle des repr\u00e9sentants \u00e9lus au Conseil sup\u00e9rieur.<\/p>\n\n\n\n<p>Le congr\u00e8s a adopt\u00e9 <a href=\"http:\/\/La dur\u00e9e du mandat du bureau et de son pr\u00e9sident a \u00e9t\u00e9 port\u00e9e \u00e0 trois ans, contre deux auparavant, afin de l\u2019aligner sur celle des repr\u00e9sentants \u00e9lus au Conseil sup\u00e9rieur.\">deux motions<\/a> : <\/p>\n\n\n\n<ul class=\"wp-block-list\">\n<li>l&rsquo;une sur le Rifseep;<\/li>\n\n\n\n<li>l&rsquo;autre sur les orientations strat\u00e9giques en mati\u00e8re statutaire.<\/li>\n<\/ul>\n\n\n\n<p>Enfin, le congr\u00e8s a renouvel\u00e9 son bureau et reconduit Pierre Gen\u00e8ve dans les fonctions de pr\u00e9sident du SJF.<\/p>\n\n\n\n<p>Retrouvez les <a href=\"http:\/\/La dur\u00e9e du mandat du bureau et de son pr\u00e9sident a \u00e9t\u00e9 port\u00e9e \u00e0 trois ans, contre deux auparavant, afin de l\u2019aligner sur celle des repr\u00e9sentants \u00e9lus au Conseil sup\u00e9rieur.\">r\u00e9sultats des votes<\/a> lors du congr\u00e8s de Metz.<\/p>\n\n\n\n<p><\/p>\n\n\n\n<p><\/p>\n","protected":false},"excerpt":{"rendered":"<p>Le 26\u00e8me congr\u00e8s du SJF s&rsquo;est tenu \u00e0 Metz, les 16 et 17 novembre 2023. Retrouvez la page d\u00e9di\u00e9e au congr\u00e8s sur le site internet du SJF. Lors congr\u00e8s, les rapports statutaires suivants sont \u00e9t\u00e9 adopt\u00e9s : Les travaux du groupe de travail \u00ab\u00a0Rifseep\u00a0\u00bb ont \u00e9galement \u00e9t\u00e9 pr\u00e9sent\u00e9s. Le congr\u00e8s<a href=\"https:\/\/sjfu.fr\/intranet\/fonctionnement-des-instances\/congres\/congres-de-metz-2023\/\" class=\"read-more\">Read the Rest&#8230;<\/a><\/p>\n","protected":false},"author":1,"featured_media":0,"parent":3019,"menu_order":0,"comment_status":"closed","ping_status":"closed","template":"","meta":{"footnotes":""},"class_list":["post-3637","page","type-page","status-publish","hentry"],"_links":{"self":[{"href":"https:\/\/sjfu.fr\/intranet\/wp-json\/wp\/v2\/pages\/3637","targetHints":{"allow":["GET"]}}],"collection":[{"href":"https:\/\/sjfu.fr\/intranet\/wp-json\/wp\/v2\/pages"}],"about":[{"href":"https:\/\/sjfu.fr\/intranet\/wp-json\/wp\/v2\/types\/page"}],"author":[{"embeddable":true,"href":"https:\/\/sjfu.fr\/intranet\/wp-json\/wp\/v2\/users\/1"}],"replies":[{"embeddable":true,"href":"https:\/\/sjfu.fr\/intranet\/wp-json\/wp\/v2\/comments?post=3637"}],"version-history":[{"count":5,"href":"https:\/\/sjfu.fr\/intranet\/wp-json\/wp\/v2\/pages\/3637\/revisions"}],"predecessor-version":[{"id":3668,"href":"https:\/\/sjfu.fr\/intranet\/wp-json\/wp\/v2\/pages\/3637\/revisions\/3668"}],"up":[{"embeddable":true,"href":"https:\/\/sjfu.fr\/intranet\/wp-json\/wp\/v2\/pages\/3019"}],"wp:attachment":[{"href":"https:\/\/sjfu.fr\/intranet\/wp-json\/wp\/v2\/media?parent=3637"}],"curies":[{"name":"wp","href":"https:\/\/api.w.org\/{rel}","templated":true}]}}