{"id":5,"date":"2015-10-28T11:37:00","date_gmt":"2015-10-28T10:37:00","guid":{"rendered":"http:\/\/sjfu.fr\/intranet\/index.php\/members\/"},"modified":"2019-01-08T10:26:54","modified_gmt":"2019-01-08T09:26:54","slug":"adherents","status":"publish","type":"page","link":"https:\/\/sjfu.fr\/intranet\/adherents\/","title":{"rendered":"Adh\u00e9rents"},"content":{"rendered":"<p>Conform\u00e9ment \u00e0 la loi \u00ab\u00a0informatique et libert\u00e9\u00a0\u00bb du 6 janvier 1978, vous b\u00e9n\u00e9ficiez d&rsquo;un droit d&rsquo;acc\u00e8s et de rectification aux informations qui vous concernent. Si vous voulez exercer ce droit et obtenir communication des informations, veuillez vous adresser au SJF, 3 place des Grands Hommes \u00e0 Bordeaux.<\/p>\n","protected":false},"excerpt":{"rendered":"<p>Conform\u00e9ment \u00e0 la loi \u00ab\u00a0informatique et libert\u00e9\u00a0\u00bb du 6 janvier 1978, vous b\u00e9n\u00e9ficiez d&rsquo;un droit d&rsquo;acc\u00e8s et de rectification aux informations qui vous concernent. Si vous voulez exercer ce droit et obtenir communication des informations, veuillez vous adresser au SJF, 3 place des Grands Hommes \u00e0 Bordeaux.<\/p>\n","protected":false},"author":1,"featured_media":0,"parent":0,"menu_order":6,"comment_status":"closed","ping_status":"closed","template":"","meta":{"footnotes":""},"class_list":["post-5","page","type-page","status-publish","hentry"],"_links":{"self":[{"href":"https:\/\/sjfu.fr\/intranet\/wp-json\/wp\/v2\/pages\/5","targetHints":{"allow":["GET"]}}],"collection":[{"href":"https:\/\/sjfu.fr\/intranet\/wp-json\/wp\/v2\/pages"}],"about":[{"href":"https:\/\/sjfu.fr\/intranet\/wp-json\/wp\/v2\/types\/page"}],"author":[{"embeddable":true,"href":"https:\/\/sjfu.fr\/intranet\/wp-json\/wp\/v2\/users\/1"}],"replies":[{"embeddable":true,"href":"https:\/\/sjfu.fr\/intranet\/wp-json\/wp\/v2\/comments?post=5"}],"version-history":[{"count":5,"href":"https:\/\/sjfu.fr\/intranet\/wp-json\/wp\/v2\/pages\/5\/revisions"}],"predecessor-version":[{"id":2736,"href":"https:\/\/sjfu.fr\/intranet\/wp-json\/wp\/v2\/pages\/5\/revisions\/2736"}],"wp:attachment":[{"href":"https:\/\/sjfu.fr\/intranet\/wp-json\/wp\/v2\/media?parent=5"}],"curies":[{"name":"wp","href":"https:\/\/api.w.org\/{rel}","templated":true}]}}