{"id":52,"date":"2015-10-28T22:27:45","date_gmt":"2015-10-28T21:27:45","guid":{"rendered":"http:\/\/sjfu.fr\/intranet\/?page_id=52"},"modified":"2022-07-12T14:41:49","modified_gmt":"2022-07-12T13:41:49","slug":"conseil-superieur","status":"publish","type":"page","link":"https:\/\/sjfu.fr\/intranet\/fonctionnement-des-instances\/conseil-superieur\/","title":{"rendered":"Conseil sup\u00e9rieur"},"content":{"rendered":"<p>Le Conseil sup\u00e9rieur des chambres r\u00e9gionales des comptes constitue l&rsquo;instance de gestion et de dialogue social au sein de nos juridictions. R\u00e9gi par le code des juridictions financi\u00e8res (cf. notamment ses <a href=\"https:\/\/www.legifrance.gouv.fr\/codes\/section_lc\/LEGITEXT000006070249\/LEGISCTA000033305903\/#LEGISCTA000033305903\">articles L.220-12 et suivants<\/a>), il \u00e9tablit le tableau d&rsquo;avancement de grade des membres du corps des chambres r\u00e9gionales des comptes et la liste d&rsquo;aptitude de ces membres \u00e0 l&#8217;emploi de pr\u00e9sident de chambre r\u00e9gionale des comptes et de vice-pr\u00e9sident de chambre r\u00e9gionale des comptes. Il donne un avis sur toute mutation d&rsquo;un magistrat, sur les propositions de nomination \u00e0 l&#8217;emploi de pr\u00e9sident de chambre r\u00e9gionale des comptes et de vice-pr\u00e9sident de chambre r\u00e9gionale des comptes ainsi que sur les propositions de nomination pr\u00e9vues au premier alin\u00e9a du II de l&rsquo;article <a href=\"https:\/\/www.legifrance.gouv.fr\/affichCodeArticle.do?cidTexte=LEGITEXT000006070249&amp;idArticle=LEGIARTI000006357131&amp;dateTexte=&amp;categorieLien=cid\">L. 122-3<\/a>. Tout projet de modification du statut d\u00e9fini par le pr\u00e9sent code est soumis pour avis au Conseil sup\u00e9rieur des chambres r\u00e9gionales des comptes. Ce conseil est \u00e9galement consult\u00e9 sur toute question relative \u00e0 l&rsquo;organisation, au fonctionnement ou \u00e0 la comp\u00e9tence des chambres r\u00e9gionales.<\/p>\n<p>Le Conseil sup\u00e9rieur est compos\u00e9 de quinze membres titulaires dont six magistrats de CRTC \u00e9lus par leurs pairs pour trois ans : deux pr\u00e9sidents de section, trois premiers conseillers et un conseiller. Un suppl\u00e9ant est \u00e9lu pour chaque membre titulaire.<\/p>\n<p>Le dernier renouvellement g\u00e9n\u00e9ral est intervenu en avril 2021.<\/p>\n<p>Prenez connaissance:<\/p>\n<ul>\n<li>de la liste de vos <a href=\"https:\/\/sjfu.fr\/intranet\/fonctionnement-des-instances\/conseil-superieur\/membres-du-conseil-superieur\/\">repr\u00e9sentants \u00e9lus<\/a> au Conseil sup\u00e9rieur;<\/li>\n<li>du <a href=\"https:\/\/sjfu.fr\/intranet\/fonctionnement-des-instances\/conseil-superieur\/reglement-interieur-du-conseil-superieur\/\">r\u00e8glement int\u00e9rieur<\/a> du Conseil sup\u00e9rieur;<\/li>\n<li>des <a href=\"https:\/\/sjfu.fr\/intranet\/fonctionnement-des-instances\/conseil-superieur\/prises-de-position-des-representants-elus\/\">comptes rendus<\/a> des r\u00e9unions du Conseil sup\u00e9rieur faits par vos repr\u00e9sentants \u00e9lus.<\/li>\n<\/ul>\n","protected":false},"excerpt":{"rendered":"<p>Le Conseil sup\u00e9rieur des chambres r\u00e9gionales des comptes constitue l&rsquo;instance de gestion et de dialogue social au sein de nos juridictions. R\u00e9gi par le code des juridictions financi\u00e8res (cf. notamment ses articles L.220-12 et suivants), il \u00e9tablit le tableau d&rsquo;avancement de grade des membres du corps des chambres r\u00e9gionales des<a href=\"https:\/\/sjfu.fr\/intranet\/fonctionnement-des-instances\/conseil-superieur\/\" class=\"read-more\">Read the Rest&#8230;<\/a><\/p>\n","protected":false},"author":2,"featured_media":0,"parent":2130,"menu_order":1,"comment_status":"closed","ping_status":"closed","template":"","meta":{"footnotes":""},"class_list":["post-52","page","type-page","status-publish","hentry"],"_links":{"self":[{"href":"https:\/\/sjfu.fr\/intranet\/wp-json\/wp\/v2\/pages\/52","targetHints":{"allow":["GET"]}}],"collection":[{"href":"https:\/\/sjfu.fr\/intranet\/wp-json\/wp\/v2\/pages"}],"about":[{"href":"https:\/\/sjfu.fr\/intranet\/wp-json\/wp\/v2\/types\/page"}],"author":[{"embeddable":true,"href":"https:\/\/sjfu.fr\/intranet\/wp-json\/wp\/v2\/users\/2"}],"replies":[{"embeddable":true,"href":"https:\/\/sjfu.fr\/intranet\/wp-json\/wp\/v2\/comments?post=52"}],"version-history":[{"count":9,"href":"https:\/\/sjfu.fr\/intranet\/wp-json\/wp\/v2\/pages\/52\/revisions"}],"predecessor-version":[{"id":3404,"href":"https:\/\/sjfu.fr\/intranet\/wp-json\/wp\/v2\/pages\/52\/revisions\/3404"}],"up":[{"embeddable":true,"href":"https:\/\/sjfu.fr\/intranet\/wp-json\/wp\/v2\/pages\/2130"}],"wp:attachment":[{"href":"https:\/\/sjfu.fr\/intranet\/wp-json\/wp\/v2\/media?parent=52"}],"curies":[{"name":"wp","href":"https:\/\/api.w.org\/{rel}","templated":true}]}}