{"id":684,"date":"2016-08-17T08:16:33","date_gmt":"2016-08-17T07:16:33","guid":{"rendered":"http:\/\/sjfu.fr\/intranet\/?page_id=684"},"modified":"2019-11-07T11:11:43","modified_gmt":"2019-11-07T10:11:43","slug":"dgafp","status":"publish","type":"page","link":"https:\/\/sjfu.fr\/intranet\/services\/ressources-documentaires\/dgafp\/","title":{"rendered":"Informations DGAFP"},"content":{"rendered":"<p class=\"bloc_contenu_droite\"><a href=\"http:\/\/www.fonction-publique.gouv.fr\/\"><img loading=\"lazy\" decoding=\"async\" class=\"aligncenter\" src=\"http:\/\/www.fonction-publique.gouv.fr\/files\/files\/dgafp\/images\/DGAFP-logo.jpg\" width=\"1361\" height=\"420\" \/><\/a>La direction de la fonction publique, devenue direction g\u00e9n\u00e9rale de l\u2019administration et de la fonction publique en 1959, a \u00e9t\u00e9 cr\u00e9\u00e9e par l\u2019ordonnance du 9 octobre 1945, qui lui donne pour mission de concevoir et de mettre en place une politique d\u2019ensemble de la fonction publique, en particulier dans le domaine des ressources humaines.<\/p>\n<p>En \u00e9cho aux \u00e9volutions\u00a0de ses missions, l&rsquo;organisation de la DGAFP a \u00e9t\u00e9 r\u00e9vis\u00e9e en 2012 afin de pr\u00e9senter\u00a0une meilleure lisibilit\u00e9 et de permettre \u00e0 ses interlocuteurs et partenaires de mieux identifier l&rsquo;activit\u00e9 de ses bureaux.<\/p>\n<p class=\"bloc_contenu_droite\">Cette nouvelle organisation, entr\u00e9e en vigueur le 16 avril 2012, am\u00e9liore la visibilit\u00e9 et la coh\u00e9rence de l&rsquo;action de la DGAFP et\u00a0conforte\u00a0son positionnement de DRH groupe \u00e0 l&rsquo;\u00e9chelle interminist\u00e9rielle et inter fonction publique.<\/p>\n<p class=\"bloc_contenu_droite\">&#x2666;\u00a0<a href=\"https:\/\/www.legifrance.gouv.fr\/eli\/arrete\/2016\/5\/31\/RDFF1608252A\/jo\/texte\/fr\">Arr\u00eat\u00e9 du 31 mai 2016 modifiant l&rsquo;arr\u00eat\u00e9 du 10 avril 2012 portant organisation de la direction g\u00e9n\u00e9rale de l&rsquo;administration et de la fonction publique<\/a><\/p>\n<p class=\"bloc_contenu_droite\">&#x2666; <a href=\"http:\/\/legifrance.gouv.fr\/affichTexte.do?cidTexte=JORFTEXT000030551437&amp;dateTexte=&amp;categorieLien=id\">Arr\u00eat\u00e9 du 4 mai 2015 modifiant l&rsquo;arr\u00eat\u00e9 du 10 avril 2012 relatif \u00e0 l&rsquo;organisation de la direction g\u00e9n\u00e9rale de l&rsquo;administration et de la fonction publique<\/a><\/p>\n<p class=\"bloc_contenu_droite\">&#x2666;\u00a0 <a href=\"http:\/\/www.legifrance.gouv.fr\/affichTexte.do;jsessionid=?cidTexte=JORFTEXT000025677352&amp;dateTexte=&amp;oldAction=rechJO&amp;categorieLien=id\">Arr\u00eat\u00e9 du 10 avril 2012 relatif \u00e0 la nouvelle organisation<\/a><\/p>\n<p class=\"bloc_contenu_droite\">&#x2666;\u00a0 <a href=\"http:\/\/www.fonction-publique.gouv.fr\/fonction-publique-1142\">Thierry Le Goff, directeur g\u00e9n\u00e9ral de l&rsquo;administration et de la fonction publique<\/a><\/p>\n<p class=\"bloc_contenu_droite\">&#x2666;\u00a0 <a href=\"http:\/\/www.fonction-publique.gouv.fr\/fonction-publique-1080\">Les missions<\/a><\/p>\n<p class=\"bloc_contenu_droite\">&#x2666;\u00a0 <a href=\"http:\/\/www.fonction-publique.gouv.fr\/fonction-publique-1081\">L&rsquo;organisation<\/a><\/p>\n<p class=\"bloc_contenu_droite\">&#x2666;\u00a0 <a href=\"http:\/\/www.fonction-publique.gouv.fr\/fonction-publique-1089\">Les organismes, commissions et r\u00e9seaux<\/a><\/p>\n<p>&#x2666;\u00a0 <a href=\"http:\/\/www.fonction-publique.gouv.fr\/fonction-publique-1090\">Les \u00e9coles sous tutelle de la DGAFP<\/a><\/p>\n<p>&#x2666;\u00a0 <a href=\"http:\/\/www.fonction-publique.gouv.fr\/fonction-publique-1095\">Historique du minist\u00e8re de la fonction publique<\/a><\/p>\n<p>[feedzy-rss feeds=\u00a0\u00bbhttp:\/\/www.fonction-publique.gouv.fr\/rss\/categorie\/2215&Prime; max=\u00a0\u00bb20&Prime; feed_title=\u00a0\u00bbno\u00a0\u00bb meta=\u00a0\u00bbyes\u00a0\u00bb summary=\u00a0\u00bbyes\u00a0\u00bb thumb=\u00a0\u00bbauto\u00a0\u00bb ]<\/p>\n","protected":false},"excerpt":{"rendered":"<p>La direction de la fonction publique, devenue direction g\u00e9n\u00e9rale de l\u2019administration et de la fonction publique en 1959, a \u00e9t\u00e9 cr\u00e9\u00e9e par l\u2019ordonnance du 9 octobre 1945, qui lui donne pour mission de concevoir et de mettre en place une politique d\u2019ensemble de la fonction publique, en particulier dans le<a href=\"https:\/\/sjfu.fr\/intranet\/services\/ressources-documentaires\/dgafp\/\" class=\"read-more\">Read the Rest&#8230;<\/a><\/p>\n","protected":false},"author":1,"featured_media":0,"parent":214,"menu_order":4,"comment_status":"closed","ping_status":"closed","template":"","meta":{"footnotes":""},"class_list":["post-684","page","type-page","status-publish","hentry"],"_links":{"self":[{"href":"https:\/\/sjfu.fr\/intranet\/wp-json\/wp\/v2\/pages\/684","targetHints":{"allow":["GET"]}}],"collection":[{"href":"https:\/\/sjfu.fr\/intranet\/wp-json\/wp\/v2\/pages"}],"about":[{"href":"https:\/\/sjfu.fr\/intranet\/wp-json\/wp\/v2\/types\/page"}],"author":[{"embeddable":true,"href":"https:\/\/sjfu.fr\/intranet\/wp-json\/wp\/v2\/users\/1"}],"replies":[{"embeddable":true,"href":"https:\/\/sjfu.fr\/intranet\/wp-json\/wp\/v2\/comments?post=684"}],"version-history":[{"count":6,"href":"https:\/\/sjfu.fr\/intranet\/wp-json\/wp\/v2\/pages\/684\/revisions"}],"predecessor-version":[{"id":3047,"href":"https:\/\/sjfu.fr\/intranet\/wp-json\/wp\/v2\/pages\/684\/revisions\/3047"}],"up":[{"embeddable":true,"href":"https:\/\/sjfu.fr\/intranet\/wp-json\/wp\/v2\/pages\/214"}],"wp:attachment":[{"href":"https:\/\/sjfu.fr\/intranet\/wp-json\/wp\/v2\/media?parent=684"}],"curies":[{"name":"wp","href":"https:\/\/api.w.org\/{rel}","templated":true}]}}