{"id":686,"date":"2016-08-17T08:18:01","date_gmt":"2016-08-17T07:18:01","guid":{"rendered":"http:\/\/sjfu.fr\/intranet\/?page_id=686"},"modified":"2016-08-17T09:08:02","modified_gmt":"2016-08-17T08:08:02","slug":"statut-et-categories-dagents","status":"publish","type":"page","link":"https:\/\/sjfu.fr\/intranet\/services\/ressources-documentaires\/dgafp\/statut-et-categories-dagents\/","title":{"rendered":"Statut et cat\u00e9gories d&rsquo;agents"},"content":{"rendered":"<p>[feedzy-rss feeds=\u00a0\u00bbhttp:\/\/www.fonction-publique.gouv.fr\/rss\/categorie\/2207&Prime; feed_title=\u00a0\u00bbno\u00a0\u00bb meta=\u00a0\u00bbyes\u00a0\u00bb summary=\u00a0\u00bbyes\u00a0\u00bb thumb=\u00a0\u00bbno\u00a0\u00bb ]<\/p>\n<ul class=\"top-nav-3\">\n<li><a href=\"http:\/\/www.fonction-publique.gouv.fr\/trois-versants-de-la-fonction-publique\">Les trois versants de la fonction publique<\/a><\/li>\n<li><a href=\"http:\/\/www.fonction-publique.gouv.fr\/statut-general-des-fonctionnaires\">Statut g\u00e9n\u00e9ral des fonctionnaires<\/a><\/li>\n<li><a href=\"http:\/\/www.fonction-publique.gouv.fr\/statuts-particuliers-des-fonctionnaires-et-grilles-indiciaires\">Statuts particuliers des fonctionnaires et grilles indiciaires<\/a><\/li>\n<li><a href=\"http:\/\/www.fonction-publique.gouv.fr\/la-commission-de-deontologie\">Commission de d\u00e9ontologie<\/a><\/li>\n<li><a href=\"http:\/\/www.fonction-publique.gouv.fr\/conseils-de-la-fonction-publique\">Dialogue social<\/a><\/li>\n<li><a href=\"http:\/\/www.fonction-publique.gouv.fr\/agents-contractuels\">Agents contractuels<\/a><\/li>\n<li><a href=\"http:\/\/www.fonction-publique.gouv.fr\/encadrement-superieur\">Encadrement sup\u00e9rieur<\/a><\/li>\n<li><a href=\"http:\/\/www.fonction-publique.gouv.fr\/agences-operateurs-et-gip\">Agences, op\u00e9rateurs et GIP<\/a><\/li>\n<\/ul>\n","protected":false},"excerpt":{"rendered":"<p>[feedzy-rss feeds=\u00a0\u00bbhttp:\/\/www.fonction-publique.gouv.fr\/rss\/categorie\/2207&Prime; feed_title=\u00a0\u00bbno\u00a0\u00bb meta=\u00a0\u00bbyes\u00a0\u00bb summary=\u00a0\u00bbyes\u00a0\u00bb thumb=\u00a0\u00bbno\u00a0\u00bb ] Les trois versants de la fonction publique Statut g\u00e9n\u00e9ral des fonctionnaires Statuts particuliers des fonctionnaires et grilles indiciaires Commission de d\u00e9ontologie Dialogue social Agents contractuels Encadrement sup\u00e9rieur Agences, op\u00e9rateurs et GIP<\/p>\n","protected":false},"author":1,"featured_media":0,"parent":684,"menu_order":1,"comment_status":"closed","ping_status":"closed","template":"","meta":{"footnotes":""},"class_list":["post-686","page","type-page","status-publish","hentry"],"_links":{"self":[{"href":"https:\/\/sjfu.fr\/intranet\/wp-json\/wp\/v2\/pages\/686","targetHints":{"allow":["GET"]}}],"collection":[{"href":"https:\/\/sjfu.fr\/intranet\/wp-json\/wp\/v2\/pages"}],"about":[{"href":"https:\/\/sjfu.fr\/intranet\/wp-json\/wp\/v2\/types\/page"}],"author":[{"embeddable":true,"href":"https:\/\/sjfu.fr\/intranet\/wp-json\/wp\/v2\/users\/1"}],"replies":[{"embeddable":true,"href":"https:\/\/sjfu.fr\/intranet\/wp-json\/wp\/v2\/comments?post=686"}],"version-history":[{"count":5,"href":"https:\/\/sjfu.fr\/intranet\/wp-json\/wp\/v2\/pages\/686\/revisions"}],"predecessor-version":[{"id":712,"href":"https:\/\/sjfu.fr\/intranet\/wp-json\/wp\/v2\/pages\/686\/revisions\/712"}],"up":[{"embeddable":true,"href":"https:\/\/sjfu.fr\/intranet\/wp-json\/wp\/v2\/pages\/684"}],"wp:attachment":[{"href":"https:\/\/sjfu.fr\/intranet\/wp-json\/wp\/v2\/media?parent=686"}],"curies":[{"name":"wp","href":"https:\/\/api.w.org\/{rel}","templated":true}]}}