{"id":725,"date":"2016-08-17T10:06:35","date_gmt":"2016-08-17T09:06:35","guid":{"rendered":"http:\/\/sjfu.fr\/intranet\/?page_id=725"},"modified":"2019-02-11T15:51:59","modified_gmt":"2019-02-11T14:51:59","slug":"action-sociale","status":"publish","type":"page","link":"https:\/\/sjfu.fr\/intranet\/services\/action-sociale\/","title":{"rendered":"Action sociale"},"content":{"rendered":"<p>L\u2019action sociale au sein des juridictions financi\u00e8res\u00a0a pour objet l\u2019am\u00e9lioration des conditions de vie des agents et de leurs familles. Elle est constitu\u00e9e par les prestations sp\u00e9cifiques que\u00a0 l\u2019administration accorde \u00e0 ses agents, actifs et retrait\u00e9s notamment dans les domaines de la restauration, du logement, de l\u2019enfance et des loisirs. Elle est compos\u00e9e de deux volets compl\u00e9mentaires : l\u2019action sociale interminist\u00e9rielle et l\u2019action sociale sp\u00e9cifique aux juridictions financi\u00e8res.<\/p>\n<p>L\u2019action sociale sp\u00e9cifique aux juridictions financi\u00e8res est con\u00e7ue et g\u00e9r\u00e9e par la direction des ressources humaines de la Cour des comptes. L\u2019action sociale interminist\u00e9rielle est quant \u00e0 elle con\u00e7ue et g\u00e9r\u00e9e par une direction interminist\u00e9rielle, en l\u2019occurrence la direction g\u00e9n\u00e9rale de l\u2019administration et de la fonction publique (DGAFP).<\/p>\n<ul class=\"tree\">\n<li class=\"\">\n<h4><a class=\"tree-parent tree-parent-collapsed\" tabindex=\"-1\" href=\"http:\/\/www.fonction-publique.gouv.fr\/famille\">Famille<\/a><\/h4>\n<\/li>\n<li class=\"\">\n<h4><a class=\"tree-parent tree-parent-collapsed\" tabindex=\"-1\" href=\"http:\/\/www.fonction-publique.gouv.fr\/aide-aux-retraites\">Retrait\u00e9s<\/a><\/h4>\n<\/li>\n<li class=\"\">\n<h4><a class=\"tree-parent tree-parent-collapsed\" tabindex=\"-1\" href=\"http:\/\/www.fonction-publique.gouv.fr\/logement\">Logement<\/a><\/h4>\n<\/li>\n<li class=\"tree-leaf\">\n<h4><a tabindex=\"-1\" href=\"http:\/\/www.fonction-publique.gouv.fr\/restauration\">Restauration<\/a><img decoding=\"async\" src=\"http:\/\/www.fonction-publique.gouv.fr\/sites\/all\/themes\/fp2015\/assets\/img\/pixel.png\" alt=\"D\u00e9plier\" \/><\/h4>\n<\/li>\n<li class=\"\">\n<h4><a href=\"http:\/\/www.fonction-publique.gouv.fr\/vacances-et-loisirs\">Vacances et loisirs<\/a><\/h4>\n<\/li>\n<li class=\"\">\n<h4 class=\"page-title\"><a href=\"http:\/\/www.fonction-publique.gouv.fr\/sections-regionales-interministerielles-daction-sociale-srias\">Les sections r\u00e9gionales interminist\u00e9rielles d\u2019action sociale<\/a><\/h4>\n<table border=\"0\" cellspacing=\"1\" cellpadding=\"1\">\n<tbody>\n<tr>\n<td class=\"rtecenter\">\n<p class=\"rteleft\">Pr\u00e9fet<\/p>\n<\/td>\n<td>\n<p id=\"\">Sections r\u00e9gionales du comit\u00e9 interminist\u00e9riel consultatif d\u2019action sociale des administrations de l\u2019Etat<\/p>\n<\/td>\n<td class=\"rtecenter\">\n<p id=\"\" class=\"rteleft\">D\u00e9partements<\/p>\n<\/td>\n<\/tr>\n<tr>\n<td rowspan=\"3\">Alsace, Champagne-Ardenne et Lorraine<\/td>\n<td><a href=\"http:\/\/www.bas-rhin.gouv.fr\/Services-de-l-Etat\/SRIAS-Alsace\" target=\"_blank\">SRIAS Alsace<\/a><\/td>\n<td>Bas-Rhin, Haut-Rhin<\/td>\n<\/tr>\n<tr>\n<td><a href=\"http:\/\/www.srias-champagne-ardenne.com\/\" target=\"_blank\">SRIAS Champagne-Ardenne<\/a><\/td>\n<td>Ardennes, Aube, Marne, Haute-Marne<\/td>\n<\/tr>\n<tr>\n<td><a href=\"http:\/\/www.srias.lorraine.pref.gouv.fr\/index.php?dims_url=YXJ0aWNsZWlkPTExNSY%3D\" target=\"_blank\">SRIAS Lorraine<\/a><\/td>\n<td>Meurthe-et-Moselle, Meuse, Moselle, Vosges<\/td>\n<\/tr>\n<tr>\n<td rowspan=\"3\">Aquitaine, Limousin et Poitou-Charentes<\/td>\n<td><a href=\"http:\/\/www.srias-aquitaine.fr\/\" target=\"_blank\">SRIAS Aquitaine<\/a><\/td>\n<td>Dordogne, Gironde, Landes, Lot-et-Garonne, Pyr\u00e9n\u00e9es-Atlantiques<\/td>\n<\/tr>\n<tr>\n<td>SRIAS Limousin<\/td>\n<td>Corr\u00e8ze, Creuse, Haute-Vienne<\/td>\n<\/tr>\n<tr>\n<td>SRIAS Poitou-Charentes<\/td>\n<td>Charente, Charente-Maritime, Deux-S\u00e8vres, Vienne<\/td>\n<\/tr>\n<tr>\n<td rowspan=\"2\">Auvergne et Rh\u00f4ne-Alpes<\/td>\n<td><a href=\"http:\/\/www.srias-auvergne.fr\/\" target=\"_blank\">SRIAS Auvergne<\/a><\/td>\n<td>Allier, Cantal, Haute-Loire, Puy-de-D\u00f4me<\/td>\n<\/tr>\n<tr>\n<td><a href=\"http:\/\/www.srias-rhonealpes.fr\/\" target=\"_blank\">SRIAS Rh\u00f4ne-Alpes<\/a><\/td>\n<td>Ain, Ard\u00e8che, Dr\u00f4me, Is\u00e8re, Loire, Rh\u00f4ne, Savoie, Haute-Savoie<\/td>\n<\/tr>\n<tr>\n<td rowspan=\"2\">Bourgogne et Franche-Comt\u00e9<\/td>\n<td><a href=\"http:\/\/www.prefectures-regions.gouv.fr\/bourgogne-franche-comte\/Region-et-institutions\/Organisation-administrative-de-la-region\/SGAR\/SRIAS\/srias\/Actions-culturelles\/\" target=\"_blank\">SRIAS Bourgogne<\/a><\/td>\n<td>C\u00f4te-d\u2019Or, Ni\u00e8vre, Sa\u00f4ne-et-Loire, Yonne<\/td>\n<\/tr>\n<tr>\n<td><a href=\"http:\/\/www.srias-franchecomte.com\/\" target=\"_blank\">SRIAS Franche-Comt\u00e9<\/a><\/td>\n<td>Doubs, Jura, Haute-Sa\u00f4ne, Territoire de Belfort<\/td>\n<\/tr>\n<tr>\n<td>Bretagne<\/td>\n<td><a href=\"http:\/\/www.prefectures-regions.gouv.fr\/bretagne\/Region-et-institutions\/Organisation-administrative-de-la-region\/Ressources-humaines-et-action-sociale\/Section-Regionale-Interministerielle-Action-Sociale-SRIAS\" target=\"_blank\">SRIAS Bretagne<\/a><\/td>\n<td>C\u00f4tes-d\u2019Armor, Finist\u00e8re, Ille-et-Vilaine, Morbihan<\/td>\n<\/tr>\n<tr>\n<td>Centre Val-de-Loire<\/td>\n<td><a href=\"http:\/\/www.prefectures-regions.gouv.fr\/centre-val-de-loire\/Region-et-institutions\/Organisation-administrative-de-la-region\/Ressources-humaines-et-action-sociale\/La-SRIAS-Section-regionale-interministerielle-d-action-sociale\" target=\"_blank\">SRIAS Centre Val-de-Loire<\/a><\/td>\n<td>Cher, Eure-et-Loir, Indre, Indre-et-Loire, Loir-et-Cher, Loiret<\/td>\n<\/tr>\n<tr>\n<td>Corse<\/td>\n<td><a href=\"http:\/\/www.corse.territorial.gouv.fr\/\" target=\"_blank\">SRIAS Corse<\/a><\/td>\n<td>Corse-du-Sud, Haute-Corse<\/td>\n<\/tr>\n<tr>\n<td>Guadeloupe<\/td>\n<td><a href=\"http:\/\/www.srias-guadeloupe.fr\/\" target=\"_blank\">SRIAS Guadeloupe<\/a><\/td>\n<td>Guadeloupe<\/td>\n<\/tr>\n<tr>\n<td>Guyane<\/td>\n<td><a href=\"http:\/\/www.guyane.pref.gouv.fr\/Structures-services\/La-SRIAS\" target=\"_blank\">SRIAS Guyane<\/a><\/td>\n<td>Guyane<\/td>\n<\/tr>\n<tr>\n<td>\u00cele-de-France<\/td>\n<td><a href=\"http:\/\/srias.ile-de-france.gouv.fr\/\" target=\"_blank\">SRIAS \u00cele-de-France<\/a><\/td>\n<td>Paris, Seine-et-Marne, Yvelines, Essonne, Hauts-de-Seine, Seine-Saint-Denis, Val-de-Marne, Val-d\u2019Oise<\/td>\n<\/tr>\n<tr>\n<td rowspan=\"2\">Languedoc-Roussillon et Midi-Pyr\u00e9n\u00e9es<\/td>\n<td><a href=\"http:\/\/www.srias-lr.fr\/\" target=\"_blank\">SRIAS Languedoc-Roussillon<\/a><\/td>\n<td>Aude, Gard, H\u00e9rault, Loz\u00e8re, Pyr\u00e9n\u00e9es-Orientales<\/td>\n<\/tr>\n<tr>\n<td><a href=\"http:\/\/www.prefectures-regions.gouv.fr\/languedoc-roussillon-midi-pyrenees\/Region-et-institutions\/Organisation-administrative-de-la-region\/Ressources-humaines-et-action-sociale\/La-SRIAS\/Pour-decouvrir-les-deux-SRIAS-en-Languedoc-Roussillon-en-Midi-Pyrenees\" target=\"_blank\">SRIAS Midi-Pyr\u00e9n\u00e9es<\/a><\/td>\n<td>Ari\u00e8ge, Aveyron, Haute-Garonne, Gers, Lot, Hautes-Pyr\u00e9n\u00e9es, Tarn, Tarn-et-Garonne<\/td>\n<\/tr>\n<tr>\n<td>Martinique<\/td>\n<td>SRIAS Martinique<\/td>\n<td>Martinique<\/td>\n<\/tr>\n<tr>\n<td>Mayotte<\/td>\n<td>SRIAS Mayotte<\/td>\n<td>Mayotte<\/td>\n<\/tr>\n<tr>\n<td rowspan=\"2\">Nord-Pas-de-Calais et Picardie<\/td>\n<td><a href=\"http:\/\/www.srias-59-62.fr\/\" target=\"_blank\">SRIAS Nord-Pas-de-Calais<\/a><\/td>\n<td>Nord, Pas-de-Calais<\/td>\n<\/tr>\n<tr>\n<td>SRIAS Picardie<\/td>\n<td>Aisne, Oise, Somme<\/td>\n<\/tr>\n<tr>\n<td rowspan=\"2\">Basse-Normandie et Haute-Normandie<\/td>\n<td><a href=\"http:\/\/www.prefectures-regions.gouv.fr\/normandie\/Region-et-institutions\/Organisation-administrative-de-la-region\/Ressources-Humaines-et-Action-Sociale\/La-SRIAS-Section-Regionale-Interministerielle-d-Action-Sociale\/Antenne-de-Caen-14-50-et-61\" target=\"_blank\">SRIAS Basse-Normandie<\/a><\/td>\n<td>Calvados, Manche, Orne<\/td>\n<\/tr>\n<tr>\n<td><a href=\"http:\/\/www.prefectures-regions.gouv.fr\/normandie\/Region-et-institutions\/Organisation-administrative-de-la-region\/Ressources-Humaines-et-Action-Sociale\/La-SRIAS-Section-Regionale-Interministerielle-d-Action-Sociale\/Antenne-de-Rouen-76-et-27\" target=\"_blank\">SRIAS Haute-Normandie<\/a><\/td>\n<td>Seine-Maritime, Eure<\/td>\n<\/tr>\n<tr>\n<td>Pays de la Loire<\/td>\n<td><a href=\"http:\/\/www.prefectures-regions.gouv.fr\/pays-de-la-loire\/Region-et-institutions\/Organisation-administrative-de-la-region\/Ressources-humaines-et-action-sociale\/Section-Regionale-Interministerielle-d-Action-Sociale\" target=\"_blank\">SRIAS Pays de la Loire<\/a><\/td>\n<td>Loire-Atlantique, Maine-et-Loire, Mayenne, Sarthe, Vend\u00e9e<\/td>\n<\/tr>\n<tr>\n<td>Provence-Alpes-C\u00f4te d\u2019Azur<\/td>\n<td><a href=\"http:\/\/www.srias.paca.gouv.fr\/\" target=\"_blank\">SRIAS Provence-Alpes-C\u00f4te d\u2019Azur<\/a><\/td>\n<td>Alpes-de-Haute-Provence, Hautes-Alpes, Alpes-Maritimes, Bouches-du-Rh\u00f4ne, Var, Vaucluse<\/td>\n<\/tr>\n<tr>\n<td>La R\u00e9union<\/td>\n<td><a href=\"http:\/\/www.srias.re\/\" target=\"_blank\">SRIAS R\u00e9union<\/a><\/td>\n<td>La R\u00e9union<\/td>\n<\/tr>\n<\/tbody>\n<\/table>\n<\/li>\n<\/ul>\n","protected":false},"excerpt":{"rendered":"<p>L\u2019action sociale au sein des juridictions financi\u00e8res\u00a0a pour objet l\u2019am\u00e9lioration des conditions de vie des agents et de leurs familles. Elle est constitu\u00e9e par les prestations sp\u00e9cifiques que\u00a0 l\u2019administration accorde \u00e0 ses agents, actifs et retrait\u00e9s notamment dans les domaines de la restauration, du logement, de l\u2019enfance et des loisirs.<a href=\"https:\/\/sjfu.fr\/intranet\/services\/action-sociale\/\" class=\"read-more\">Read the Rest&#8230;<\/a><\/p>\n","protected":false},"author":1,"featured_media":0,"parent":100,"menu_order":3,"comment_status":"closed","ping_status":"closed","template":"","meta":{"footnotes":""},"class_list":["post-725","page","type-page","status-publish","hentry"],"_links":{"self":[{"href":"https:\/\/sjfu.fr\/intranet\/wp-json\/wp\/v2\/pages\/725","targetHints":{"allow":["GET"]}}],"collection":[{"href":"https:\/\/sjfu.fr\/intranet\/wp-json\/wp\/v2\/pages"}],"about":[{"href":"https:\/\/sjfu.fr\/intranet\/wp-json\/wp\/v2\/types\/page"}],"author":[{"embeddable":true,"href":"https:\/\/sjfu.fr\/intranet\/wp-json\/wp\/v2\/users\/1"}],"replies":[{"embeddable":true,"href":"https:\/\/sjfu.fr\/intranet\/wp-json\/wp\/v2\/comments?post=725"}],"version-history":[{"count":12,"href":"https:\/\/sjfu.fr\/intranet\/wp-json\/wp\/v2\/pages\/725\/revisions"}],"predecessor-version":[{"id":741,"href":"https:\/\/sjfu.fr\/intranet\/wp-json\/wp\/v2\/pages\/725\/revisions\/741"}],"up":[{"embeddable":true,"href":"https:\/\/sjfu.fr\/intranet\/wp-json\/wp\/v2\/pages\/100"}],"wp:attachment":[{"href":"https:\/\/sjfu.fr\/intranet\/wp-json\/wp\/v2\/media?parent=725"}],"curies":[{"name":"wp","href":"https:\/\/api.w.org\/{rel}","templated":true}]}}