{"id":73,"date":"2015-10-29T12:03:50","date_gmt":"2015-10-29T11:03:50","guid":{"rendered":"http:\/\/sjfu.fr\/intranet\/?page_id=73"},"modified":"2022-01-31T11:14:03","modified_gmt":"2022-01-31T10:14:03","slug":"partenariats","status":"publish","type":"page","link":"https:\/\/sjfu.fr\/intranet\/actions-syndicales\/partenariats\/","title":{"rendered":"Partenariats"},"content":{"rendered":"<p>Le SJF entretien des relations \u00e9troites avec les autres associations et syndicats majoritaires de magistrats dont l\u2019Association des magistrats de la Cour des comptes, l\u2019Union Syndicale des Magistrats (USM), le Syndicat de la Juridiction Administrative (SJA) et le Groupe des Associations de la Haute Fonction Publique (GAHFP), \u00e9galement d\u00e9nomm\u00e9\u00a0 \u00ab G16 \u00bb. Il travaille aussi en coop\u00e9ration avec le Syndicat national des directeurs g\u00e9n\u00e9raux de collectivit\u00e9s territoriales (SNDGCT) et l&rsquo;Association des administrateurs territoriaux de France (AATF) avec qui une convention de coop\u00e9ration a \u00e9t\u00e9 conclue fin 2020. La pratique de participations crois\u00e9es aux congr\u00e8s de chaque organisation est d\u00e9sormais bien \u00e9tablie et les \u00e9changes d\u2019information entre les diff\u00e9rents syndicats et association s\u2019intensifient.<\/p>\n","protected":false},"excerpt":{"rendered":"<p>Le SJF entretien des relations \u00e9troites avec les autres associations et syndicats majoritaires de magistrats dont l\u2019Association des magistrats de la Cour des comptes, l\u2019Union Syndicale des Magistrats (USM), le Syndicat de la Juridiction Administrative (SJA) et le Groupe des Associations de la Haute Fonction Publique (GAHFP), \u00e9galement d\u00e9nomm\u00e9\u00a0 \u00ab<a href=\"https:\/\/sjfu.fr\/intranet\/actions-syndicales\/partenariats\/\" class=\"read-more\">Read the Rest&#8230;<\/a><\/p>\n","protected":false},"author":2,"featured_media":0,"parent":36,"menu_order":9,"comment_status":"closed","ping_status":"closed","template":"","meta":{"footnotes":""},"class_list":["post-73","page","type-page","status-publish","hentry"],"_links":{"self":[{"href":"https:\/\/sjfu.fr\/intranet\/wp-json\/wp\/v2\/pages\/73","targetHints":{"allow":["GET"]}}],"collection":[{"href":"https:\/\/sjfu.fr\/intranet\/wp-json\/wp\/v2\/pages"}],"about":[{"href":"https:\/\/sjfu.fr\/intranet\/wp-json\/wp\/v2\/types\/page"}],"author":[{"embeddable":true,"href":"https:\/\/sjfu.fr\/intranet\/wp-json\/wp\/v2\/users\/2"}],"replies":[{"embeddable":true,"href":"https:\/\/sjfu.fr\/intranet\/wp-json\/wp\/v2\/comments?post=73"}],"version-history":[{"count":4,"href":"https:\/\/sjfu.fr\/intranet\/wp-json\/wp\/v2\/pages\/73\/revisions"}],"predecessor-version":[{"id":3239,"href":"https:\/\/sjfu.fr\/intranet\/wp-json\/wp\/v2\/pages\/73\/revisions\/3239"}],"up":[{"embeddable":true,"href":"https:\/\/sjfu.fr\/intranet\/wp-json\/wp\/v2\/pages\/36"}],"wp:attachment":[{"href":"https:\/\/sjfu.fr\/intranet\/wp-json\/wp\/v2\/media?parent=73"}],"curies":[{"name":"wp","href":"https:\/\/api.w.org\/{rel}","templated":true}]}}