{"id":75,"date":"2015-10-29T12:04:57","date_gmt":"2015-10-29T11:04:57","guid":{"rendered":"http:\/\/sjfu.fr\/intranet\/?page_id=75"},"modified":"2016-04-19T08:47:25","modified_gmt":"2016-04-19T07:47:25","slug":"groupe-des-associations-de-la-haute-fonction-publique-g-16","status":"publish","type":"page","link":"https:\/\/sjfu.fr\/intranet\/actions-syndicales\/partenariats\/groupe-des-associations-de-la-haute-fonction-publique-g-16\/","title":{"rendered":"Groupe des Associations de la Haute Fonction Publique &#8211; G 16"},"content":{"rendered":"<p>Le Syndicat des juridictions financi\u00e8res unifi\u00e9 est membre du Groupe des Associations de la Haute Fonction Publique (GAHFP), \u00e9galement d\u00e9nomm\u00e9\u00a0 \u00ab\u00a0G16\u00a0\u00bb. Ce regroupement d\u2019associations et de syndicats repr\u00e9sente les corps de hauts fonctionnaires \u00ab administrants \u00bb, soit environ 11 500 hauts fonctionnaires dans l\u2019administration, en d\u00e9tachement, en position hors cadre ou en disponibilit\u00e9.<\/p>\n<p>Son pr\u00e9sident est\u00a0M. Jean POULIT. Ses membres sont:<\/p>\n<ul>\n<li>Union Syndicale des\u00a0Administrateurs Civils<\/li>\n<li>Conf\u00e9d\u00e9ration amicale des ing\u00e9nieurs de l&rsquo;Armement<\/li>\n<li>Association des Membres du\u00a0Conseil d&rsquo;Etat<\/li>\n<li>Association des Magistrats et Anciens Magistrats de la\u00a0Cour des Comptes<\/li>\n<li>Association des Membres et Anciens Membres de l&rsquo;Inspection G\u00e9n\u00e9rale des Finances<\/li>\n<li>Syndicat National des Administrateurs et des Inspecteurs G\u00e9n\u00e9raux de l&rsquo;INSEE<\/li>\n<li>Syndicat des Membres de\u00a0l&rsquo;Inspection g\u00e9n\u00e9rale de l&rsquo;Administration<\/li>\n<li>Syndicat des Membres de\u00a0l&rsquo;Inspection g\u00e9n\u00e9rale des Affaires sociales<\/li>\n<li>Syndicat de la\u00a0Juridiction Administrative<\/li>\n<li>Syndicat des\u00a0Juridictions Financi\u00e8res unifi\u00e9<\/li>\n<li>Syndicat des Ing\u00e9nieurs du Corps des\u00a0Mines<\/li>\n<li>Union des Ing\u00e9nieurs des\u00a0Ponts, des Eaux et des For\u00eats<\/li>\n<li>Association du\u00a0Corps Pr\u00e9fectoral\u00a0et des Hauts Fonctionnaires du Minist\u00e8re de l&rsquo;Int\u00e9rieur<\/li>\n<li>Association des\u00a0Anciens \u00e9l\u00e8ves de l&rsquo;Ecole Nationale d&rsquo;Administration<\/li>\n<li>F\u00e9d\u00e9ration des\u00a0Grands Corps Techniques de l&rsquo;Etat\u00a0(F.G.C.T.E.)<\/li>\n<\/ul>\n<p>Les centres d\u2019int\u00e9r\u00eat du G16 concernent plus particuli\u00e8rement, d\u2019une part la d\u00e9fense des int\u00e9r\u00eats mat\u00e9riels et moraux des hauts fonctionnaires, d\u2019autre part les r\u00e9flexions concernant la place, le r\u00f4le et le fonctionnement de l\u2019Etat dans la soci\u00e9t\u00e9 : r\u00e9forme de l\u2019Etat, organisation administrative, attractivit\u00e9 de la haute fonction publique, d\u00e9ontologie, gestion des ressources humaines\u2026 Le G16 adresse ses demandes et ses propositions principalement aux administrations de tutelle, au gouvernement et aux responsables politiques. Le G16 m\u00e8ne \u00e9galement une action de communication, en relation avec les principaux organes de presse, afin de faire mieux conna\u00eetre ses travaux et la r\u00e9alit\u00e9 des m\u00e9tiers des hauts fonctionnaires.<\/p>\n<p>Depuis la cr\u00e9ation du G16, les membres se r\u00e9unissent r\u00e9guli\u00e8rement en formation pl\u00e9ni\u00e8re toutes les six semaines environ.<\/p>\n<p><a href=\"https:\/\/drive.google.com\/file\/d\/0BwRWtKE4DOnAclpBaXVHZEk3Z1U\/view?usp=sharing\" target=\"_blank\">MISSIONS, VALEURS, METIERS,\u00a0STATUT ET MANAGEMENT\u00a0DE LA HAUTE FONCTION PUBLIQUE<\/a><\/p>\n<p><a href=\"https:\/\/drive.google.com\/file\/d\/0BwRWtKE4DOnAS2ZadnpUWEFUdEE\/view?usp=sharing\" target=\"_blank\">Entretien avec\u00a0Michel YAHIEL<\/a>,\u00a0conseiller social \u00e0 l\u2019Elys\u00e9e, le lundi 21 mars 2016<\/p>\n<p><a href=\"https:\/\/drive.google.com\/file\/d\/0BwRWtKE4DOnAWmdRT0wwYTRoaGs\/view?usp=sharing\" target=\"_blank\">Entretien avec Sophie LEBRET<\/a>, conseill\u00e8re technique Fonction publique Premier ministre<strong>, <\/strong>le jeudi 31 mars 2016<\/p>\n<p><a href=\"https:\/\/drive.google.com\/file\/d\/0BwRWtKE4DOnATUJQVEwzalRGUHM\/view?usp=sharing\" target=\"_blank\">Entretien\u00a0avec\u00a0Fran\u00e7ois ROMANEIX<\/a>, directeur du cabinet de la Ministre de la Fonction publique, le jeudi 7 avril<\/p>\n<p>&nbsp;<\/p>\n<p>&nbsp;<\/p>\n<p>&nbsp;<\/p>\n","protected":false},"excerpt":{"rendered":"<p>Le Syndicat des juridictions financi\u00e8res unifi\u00e9 est membre du Groupe des Associations de la Haute Fonction Publique (GAHFP), \u00e9galement d\u00e9nomm\u00e9\u00a0 \u00ab\u00a0G16\u00a0\u00bb. Ce regroupement d\u2019associations et de syndicats repr\u00e9sente les corps de hauts fonctionnaires \u00ab administrants \u00bb, soit environ 11 500 hauts fonctionnaires dans l\u2019administration, en d\u00e9tachement, en position hors cadre<a href=\"https:\/\/sjfu.fr\/intranet\/actions-syndicales\/partenariats\/groupe-des-associations-de-la-haute-fonction-publique-g-16\/\" class=\"read-more\">Read the Rest&#8230;<\/a><\/p>\n","protected":false},"author":2,"featured_media":0,"parent":73,"menu_order":1,"comment_status":"closed","ping_status":"closed","template":"","meta":{"footnotes":""},"class_list":["post-75","page","type-page","status-publish","hentry"],"_links":{"self":[{"href":"https:\/\/sjfu.fr\/intranet\/wp-json\/wp\/v2\/pages\/75","targetHints":{"allow":["GET"]}}],"collection":[{"href":"https:\/\/sjfu.fr\/intranet\/wp-json\/wp\/v2\/pages"}],"about":[{"href":"https:\/\/sjfu.fr\/intranet\/wp-json\/wp\/v2\/types\/page"}],"author":[{"embeddable":true,"href":"https:\/\/sjfu.fr\/intranet\/wp-json\/wp\/v2\/users\/2"}],"replies":[{"embeddable":true,"href":"https:\/\/sjfu.fr\/intranet\/wp-json\/wp\/v2\/comments?post=75"}],"version-history":[{"count":7,"href":"https:\/\/sjfu.fr\/intranet\/wp-json\/wp\/v2\/pages\/75\/revisions"}],"predecessor-version":[{"id":474,"href":"https:\/\/sjfu.fr\/intranet\/wp-json\/wp\/v2\/pages\/75\/revisions\/474"}],"up":[{"embeddable":true,"href":"https:\/\/sjfu.fr\/intranet\/wp-json\/wp\/v2\/pages\/73"}],"wp:attachment":[{"href":"https:\/\/sjfu.fr\/intranet\/wp-json\/wp\/v2\/media?parent=75"}],"curies":[{"name":"wp","href":"https:\/\/api.w.org\/{rel}","templated":true}]}}