{"id":972,"date":"2016-08-24T17:44:13","date_gmt":"2016-08-24T16:44:13","guid":{"rendered":"http:\/\/sjfu.fr\/intranet\/?page_id=972"},"modified":"2022-02-03T15:51:53","modified_gmt":"2022-02-03T14:51:53","slug":"aide-au-logement","status":"publish","type":"page","link":"https:\/\/sjfu.fr\/intranet\/services\/action-sociale\/aide-au-logement\/","title":{"rendered":"Aide au logement"},"content":{"rendered":"<p class=\"bloc_contenu_droite\">Les fonctionnaires et agents de l\u2019\u00c9tat peuvent pr\u00e9tendre \u00e0 l\u2019attribution de logements sociaux locatifs et b\u00e9n\u00e9ficier de l\u2019Aide \u00e0 l\u2019installation des personnels (AIP):<\/p>\n<div class=\"bloc_contenu_droite\">\n<ul class=\"links\">\n<li><a href=\"http:\/\/www.fonction-publique.gouv.fr\/aide-a-linstallation-des-personnels\">Aide \u00e0 l&rsquo;installation des personnels<\/a><\/li>\n<li><a href=\"http:\/\/www.fonction-publique.gouv.fr\/reservation-de-logements-sociaux-locatifs\">R\u00e9servation de logements sociaux locatifs<\/a><\/li>\n<li><strong><a href=\"https:\/\/www.balae.logement.gouv.fr\/balae\/login.do\" target=\"_blank\" rel=\"noopener noreferrer\">Bourse aux logements<\/a> (Ile de France uniquement)<\/strong><\/li>\n<\/ul>\n<div class=\"field-content\">\n<p><strong>Depuis le 17 avril 2015, tous les logements interminist\u00e9riels disponibles, qu\u2019ils soient situ\u00e9s \u00e0 Paris ou en banlieue, font l\u2019objet d\u2019une annonce sur la Bourse Au Logement des Agents de l\u2019\u00c9tat.<\/strong><\/p>\n<p>Les logements concern\u00e9s sont des logements sociaux dont l\u2019\u00c9tat n\u2019est pas propri\u00e9taire mais pour lesquels il dispose d&rsquo;un droit de d\u00e9signation, celui-ci devant ensuite conclure un bail avec le propri\u00e9taire du logement selon les r\u00e8gles de droit commun applicables au logement social. Ce droit de priorit\u00e9 est appel\u00e9 \u00ab r\u00e9servation \u00bb et d\u00e9coule soit des dispositions du code de la construction et de l\u2019habitation (CCH) soit d\u2019un droit de r\u00e9servation \u00e0 titre on\u00e9reux pay\u00e9 par l\u2019\u00c9tat employeur au propri\u00e9taire bailleur.<br \/>\n<strong><a title=\"Application BALAE\" href=\"http:\/\/www.balae.logement.gouv.fr\/\" target=\"_blank\" rel=\"noopener noreferrer\">L\u2019application BALAE<\/a><\/strong> vous permet donc de consulter quotidiennes la liste des logements propos\u00e9s et de candidater en ligne.<\/p>\n<p>Les indications relatives \u00e0 chaque logement vous permettent de conna\u00eetre ses caract\u00e9ristiques et de v\u00e9rifier que vous pouvez en b\u00e9n\u00e9ficier. En effet, l\u2019attribution des logements sociaux interminist\u00e9riels est soumise \u00e0 des crit\u00e8res de revenu, de composition des m\u00e9nages et de r\u00e9sidence administrative.<\/p>\n<\/div>\n<div class=\"field-content\"><\/div>\n<\/div>\n","protected":false},"excerpt":{"rendered":"<p>Les fonctionnaires et agents de l\u2019\u00c9tat peuvent pr\u00e9tendre \u00e0 l\u2019attribution de logements sociaux locatifs et b\u00e9n\u00e9ficier de l\u2019Aide \u00e0 l\u2019installation des personnels (AIP): Aide \u00e0 l&rsquo;installation des personnels R\u00e9servation de logements sociaux locatifs Bourse aux logements (Ile de France uniquement) Depuis le 17 avril 2015, tous les logements interminist\u00e9riels disponibles,<a href=\"https:\/\/sjfu.fr\/intranet\/services\/action-sociale\/aide-au-logement\/\" class=\"read-more\">Read the Rest&#8230;<\/a><\/p>\n","protected":false},"author":1,"featured_media":0,"parent":725,"menu_order":3,"comment_status":"closed","ping_status":"closed","template":"","meta":{"footnotes":""},"class_list":["post-972","page","type-page","status-publish","hentry"],"_links":{"self":[{"href":"https:\/\/sjfu.fr\/intranet\/wp-json\/wp\/v2\/pages\/972","targetHints":{"allow":["GET"]}}],"collection":[{"href":"https:\/\/sjfu.fr\/intranet\/wp-json\/wp\/v2\/pages"}],"about":[{"href":"https:\/\/sjfu.fr\/intranet\/wp-json\/wp\/v2\/types\/page"}],"author":[{"embeddable":true,"href":"https:\/\/sjfu.fr\/intranet\/wp-json\/wp\/v2\/users\/1"}],"replies":[{"embeddable":true,"href":"https:\/\/sjfu.fr\/intranet\/wp-json\/wp\/v2\/comments?post=972"}],"version-history":[{"count":5,"href":"https:\/\/sjfu.fr\/intranet\/wp-json\/wp\/v2\/pages\/972\/revisions"}],"predecessor-version":[{"id":3270,"href":"https:\/\/sjfu.fr\/intranet\/wp-json\/wp\/v2\/pages\/972\/revisions\/3270"}],"up":[{"embeddable":true,"href":"https:\/\/sjfu.fr\/intranet\/wp-json\/wp\/v2\/pages\/725"}],"wp:attachment":[{"href":"https:\/\/sjfu.fr\/intranet\/wp-json\/wp\/v2\/media?parent=972"}],"curies":[{"name":"wp","href":"https:\/\/api.w.org\/{rel}","templated":true}]}}